{"id":9762,"date":"2023-03-19T21:51:08","date_gmt":"2023-03-20T01:51:08","guid":{"rendered":"https:\/\/innovation.cc\/?page_id=9762"},"modified":"2023-07-03T17:22:49","modified_gmt":"2023-07-03T21:22:49","slug":"questionnaire-devaluation","status":"publish","type":"page","link":"https:\/\/innovation.cc\/fr\/pour-les-auteurs\/questionnaire-devaluation\/","title":{"rendered":"Questionnaire d&rsquo;\u00e9valuation"},"content":{"rendered":"\n<blockquote class=\"wp-block-quote is-layout-flow wp-block-quote-is-layout-flow\">\n<h4 class=\"wp-block-heading\"><em>Disponible en format PDF<\/em><\/h4>\n<\/blockquote>\n\n\n\n<p>La Revue de l\u2019Innovation : La Revue de l\u2019Innovation dans le secteur public est une revue aux d\u00e9bats sur l\u2019innovation dans le secteur public. Le mat\u00e9riel qui y est publi\u00e9 est soumis \u00e0 un rigoureux processus d\u2019\u00e9valuation par les pairs et comprends des textes propos\u00e9s par des chercheurs, consultants et gestionnaires provenant de plusieurs pays. Le lectorat de la revue est compos\u00e9 de fonctionnaires de tous les niveaux de gouvernement, d\u2019institutions internationales et acad\u00e9miques et de chercheurs int\u00e9ress\u00e9s par le renouvellement de la fonction publique.<\/p>\n\n\n\n<p>Nos lecteurs sont g\u00e9n\u00e9ralement int\u00e9ress\u00e9s \u00e0 des textes orignaux et pertinents qui s\u2019adressent \u00e0 un large public. Par cons\u00e9quent, les manuscrits qui abordent des questions tr\u00e8s pointues ou bas\u00e9s sur une m\u00e9thodologie sp\u00e9cialis\u00e9e ne seront normalement pas consid\u00e9r\u00e9s. La Revue publie aussi de courts textes d\u2019opinion pr\u00e9sentant des id\u00e9es nouvelles, mais les m\u00eames exigences en mati\u00e8re de qualit\u00e9 s\u2019appliquent.<\/p>\n\n\n\n<p>Num\u00e9ro et titre du manuscrit :<\/p>\n\n\n\n<p>Date limite pour la soumission du rapport d\u2019\u00e9valuation : 3 semaines<\/p>\n\n\n\n<p>Note : Si vous ne pouvez pas entreprendre l\u2019\u00e9valuation dans les d\u00e9lais prescrits, veuillez svp cocher cette case et nous renvoyer le pr\u00e9sent formulaire accompagn\u00e9 du manuscrit. Nous vous solliciterons une autre fois. _____<\/p>\n\n\n\n<p>Les questions suivantes sont propos\u00e9es afin de faciliter le processus d\u2019\u00e9valuation. Vous n\u2019\u00eates pas exclusivement restreint \u00e0 celles-ci. Par cons\u00e9quent, des commentaires additionnels dans une lettre accompagnant votre rapport sont souhait\u00e9es.<\/p>\n\n\n\n<p>1. Est-ce que le sujet est pertinent et \u00e0 propos pour les chercheurs et praticiens int\u00e9ress\u00e9es \u00e0 l\u2019innovation ?<\/p>\n\n\n\n<p>2. L\u2019article fait-il une contribution \u00e0 la th\u00e9orie et\/ou la pratique en mati\u00e8re d\u2019innovation ?<\/p>\n\n\n\n<p>3. La th\u00e8se ou l\u2019argument principal est-il clair ? L\u2019analyse est-elle comp\u00e9tente et non-contradictoire?<\/p>\n\n\n\n<p>4. L\u2019article d\u00e9montre-t-il la ma\u00eetrise par l\u2019auteur du sujet, par la recherche ou l\u2019exp\u00e9rience ?<\/p>\n\n\n\n<p>5. Les conclusions sont-elles solides et applicables \u00e0 d\u2019autres situations ?<\/p>\n\n\n\n<p>6. La pr\u00e9sentation mat\u00e9rielle du manuscrit est-elle ad\u00e9quate?<\/p>\n\n\n\n<p>7. Qu\u2019est-ce qui pourrait \u00e0 votre avis \u00eatre fait pour am\u00e9liorer le manuscrit?<\/p>\n\n\n\n<p>8. Recommandations au R\u00e9dacteur-en-chef<\/p>\n\n\n\n<p>(Indiquez s\u2019il vous plait un choix)<\/p>\n\n\n\n<p>A. ____ Le manuscrit est int\u00e9ressant certes, mais il n\u2019est pas appropri\u00e9 pour La Revue de l&rsquo;innovation. Une revue alternative pourrait \u00eatre : _____________________________.<\/p>\n\n\n\n<p>B. ____ Le manuscrit est accept\u00e9 tel quel.<\/p>\n\n\n\n<p>C. ____ Le manuscrit est accept\u00e9 avec r\u00e9visions mineures.<\/p>\n\n\n\n<p>D. ____ Le manuscrit doit \u00eatre retourn\u00e9 \u00e0 l\u2019auteur pour la r\u00e9vision (veuillez \u00e9num\u00e9rer les r\u00e9visions sp\u00e9cifiques).<\/p>\n\n\n\n<p>E. ____ Le manuscrit est rejet\u00e9 (veuillez s\u2019il-vous-pla\u00eet pr\u00e9ciser les raisons qui motivent une telle recommandation).<\/p>\n\n\n\n<p>9. Si vous recommandez l\u2019acceptation du manuscrit, quelle section de La Revue de l\u2019Innovation serait \u00e0 votre avis la plus appropri\u00e9e pour cet article (articles de recherche, documents de discussion, ou \u00e9tudes de cas)?<\/p>\n\n\n\n<p>La Revue de l\u2019innovation est sur l\u2019Internet \u00e0 http:\/\/www.innovation.cc\/francais\/index.htm<\/p>\n\n\n\n<blockquote class=\"wp-block-quote is-layout-flow wp-block-quote-is-layout-flow\">\n<h5 class=\"wp-block-heading\"><em>Disponible en format PDF<\/em><\/h5>\n<\/blockquote>\n\n\n\n<p id=\"lastupdated\">Created January 1 2013<\/p>\n","protected":false},"excerpt":{"rendered":"<p>Disponible en format PDF La Revue de l\u2019Innovation : La Revue de l\u2019Innovation dans le secteur public est une revue aux d\u00e9bats sur l\u2019innovation dans le secteur public. Le mat\u00e9riel qui y est publi\u00e9 est soumis \u00e0 un rigoureux processus d\u2019\u00e9valuation par les pairs et comprends des textes propos\u00e9s par des chercheurs, consultants et gestionnaires&#8230;<\/p>\n","protected":false},"author":2,"featured_media":0,"parent":9710,"menu_order":0,"comment_status":"closed","ping_status":"closed","template":"","meta":{"_kad_post_transparent":"","_kad_post_title":"","_kad_post_layout":"","_kad_post_sidebar_id":"","_kad_post_content_style":"","_kad_post_vertical_padding":"","_kad_post_feature":"","_kad_post_feature_position":"","_kad_post_header":false,"_kad_post_footer":false,"_kad_post_classname":"","footnotes":""},"class_list":["post-9762","page","type-page","status-publish","hentry"],"_links":{"self":[{"href":"https:\/\/innovation.cc\/fr\/wp-json\/wp\/v2\/pages\/9762","targetHints":{"allow":["GET"]}}],"collection":[{"href":"https:\/\/innovation.cc\/fr\/wp-json\/wp\/v2\/pages"}],"about":[{"href":"https:\/\/innovation.cc\/fr\/wp-json\/wp\/v2\/types\/page"}],"author":[{"embeddable":true,"href":"https:\/\/innovation.cc\/fr\/wp-json\/wp\/v2\/users\/2"}],"replies":[{"embeddable":true,"href":"https:\/\/innovation.cc\/fr\/wp-json\/wp\/v2\/comments?post=9762"}],"version-history":[{"count":2,"href":"https:\/\/innovation.cc\/fr\/wp-json\/wp\/v2\/pages\/9762\/revisions"}],"predecessor-version":[{"id":11563,"href":"https:\/\/innovation.cc\/fr\/wp-json\/wp\/v2\/pages\/9762\/revisions\/11563"}],"up":[{"embeddable":true,"href":"https:\/\/innovation.cc\/fr\/wp-json\/wp\/v2\/pages\/9710"}],"wp:attachment":[{"href":"https:\/\/innovation.cc\/fr\/wp-json\/wp\/v2\/media?parent=9762"}],"curies":[{"name":"wp","href":"https:\/\/api.w.org\/{rel}","templated":true}]}}