{"id":9759,"date":"2023-05-31T03:58:47","date_gmt":"2023-05-31T07:58:47","guid":{"rendered":"https:\/\/innovation.cc\/?page_id=9759"},"modified":"2023-07-23T01:31:35","modified_gmt":"2023-07-23T05:31:35","slug":"volume10-numero3","status":"publish","type":"page","link":"https:\/\/innovation.cc\/fr\/tous-les-numeros\/volume10-numero3\/","title":{"rendered":"Volume 10 num\u00e9ro 3, 2005<br>Special Issue: Innovation and ResearchVolume 10 num\u00e9ro 3 <br>"},"content":{"rendered":"\n<h2 class=\"wp-block-heading\"><strong>Edited by Denis Harrisson, UQAM<\/strong><\/h2>\n\n\n\n<p><strong>Dedication:<\/strong><\/p>\n\n\n\n<p>1. We Have Lost a Friend: <a href=\"https:\/\/innovation.cc\/about-the-innovation-journal\/editorial-board\/video-dedication-to-everett-m-rogers\/\">Dedication to Dr. Everett M. Rogers<\/a>, by Eleanor Glor, York University, Canada, and Mario Rivera, University of New Mexico, USA.<\/p>\n\n\n\n<p>2. Video of Everett Rogers, by Dr. Glenda R. Balas, University of New Mexico (producer\/writer) and Jason Balas, University of Oklahoma (videographer\/editor), USA. Everett Rogers, <strong>Youtube Video<\/strong><\/p>\n\n\n\n<p><strong>Articles \u00e9valu\u00e9s par un comit\u00e9 de lecture:<\/strong><\/p>\n\n\n\n<p>3. <a href=\"https:\/\/innovation.cc\/document\/2005-10-3-3-complex-adaptive-systems-and-the-diffusion-of-innovations\/\">Complex Adaptive Systems and the Diffusion of Innovations<\/a>, by Everett M. Rogers, Una E. Medina, Mario A. Rivera, and Cody J. Wiley, University of New Mexico, USA<\/p>\n\n\n\n<p>4. <a href=\"https:\/\/innovation.cc\/document\/2005-10-3-4-emergence-creativity-and-the-logic-of-following-and-negating\/\">Emergence, Creativity, and the Logic of Following and Negating<\/a>, by Jeffrey Goldstein, Adelphi University, N.Y., USA.<\/p>\n\n\n\n<p>5. <a href=\"https:\/\/innovation.cc\/document\/2005-10-3-5-origines-et-developpements-des-partenariats-prive-public-en-sante-dans-les-pays-developpes-principes-enjeux-et-defis-institutionnels\/\">Origines et d\u00e9veloppements des partenariats priv\u00e9-public en sant\u00e9 dans les pays d\u00e9velopp\u00e9s:<\/a> principes, enjeux et d\u00e9fis institutionnels, par Hachimi Sanni Yaya, Yale University, School of Management, USA.<\/p>\n\n\n\n<p>6. <a href=\"https:\/\/innovation.cc\/document\/2005-10-3-6-lexperience-du-fonds-dadaptation-des-services-de-sante-fass-au-quebec-une-occasion-dapprentissage-sur-les-processus-dintroduction-de-linn\/\">L\u2019exp\u00e9rience du Fonds d\u2019adaptation des services de sant\u00e9 (FASS) au Qu\u00e9bec <\/a>: une occasion d\u2019apprentissage sur les processus d\u2019introduction de l\u2019innovation et de gestion du changement, par Christian Dagenais, CLIPP, Universit\u00e9 de Montr\u00e9 al, Francine Desbiens, GRASP, Universit\u00e9 de Montr\u00e9al, et Pierre Joubert, FQRSC, Gouvernement du Qu\u00e9bec, Canada.<\/p>\n\n\n\n<p>7. <a href=\"https:\/\/innovation.cc\/document\/2005-10-3-7-testing-a-diffusion-of-innovations-in-education-model-diem\/\">Testing a Diffusion of Innovations in Education Model (DIEM)<\/a>, by Mark K. Warford, Buffalo State College (State University of New York), USA.<\/p>\n\n\n\n<p>8. <a href=\"https:\/\/innovation.cc\/document\/2005-10-3-8-breaking-down-innovation-new-tools-for-project-managing-innovative-projects\/\">Breaking Down Innovation:<\/a> New Tools for Project Managing Innovative Projects, by Olaf Diegel, Massey University, Auckland, New Zealand.<\/p>\n\n\n\n<p>9. <a href=\"https:\/\/innovation.cc\/document\/2005-10-3-9-towards-an-innovation-driven-economy-through-industrial-policy-making-an-evolutionary-analysis-of-singapore\/\">Towards an Innovation-driven Economy Through Industrial Policy-making<\/a> : an Evolutionary Analysis of Singapore, by Andrew L S Goh, Department of Management, Birkbeck College, University of London, and Republic of Singapore.<\/p>\n\n\n\n<p><strong>Documents de discussion :<\/strong><\/p>\n\n\n\n<p>10. <a href=\"https:\/\/innovation.cc\/document\/2005-10-3-10-the-unexplored-relationship-between-intuition-and-innovation\/\">The Unexplored Relationship between Intuition and Innovation<\/a>, by Donald R. Officer, Ottawa, Canada<\/p>\n\n\n\n<p><strong>Recensions (English <em>Review Essay):<\/em><\/strong><\/p>\n\n\n\n<p>11. <a href=\"https:\/\/innovation.cc\/document\/2005-10-3-11-working-with-cynicism\/\">Working with Cynicism<\/a>. Books discussed \u2013 Harry Frankfurt, <em>On Bullshit<\/em>; Joep Schrijvers, <em>The Way of the Rat: A Survivor\u2019s Guide to Office Politics<\/em>, by Howard A. Doughty, Seneca College, Canada.<\/p>\n\n\n\n<p><strong>Recensions (<em>English<\/em> Book Reviews):<\/strong><\/p>\n\n\n\n<p>12. <a href=\"https:\/\/innovation.cc\/document\/2005-10-3-12-metropolitan-governance-conflict-competition-and-cooperation-by-richard-c-feiock-ed\/\">Metropolitan Governance: Conflict, Competition and Cooperation<\/a>, by Richard C. Feiock, ed., reviewed by Howard A. Doughty, Seneca College, Canada<\/p>\n\n\n\n<p>13. <a href=\"https:\/\/innovation.cc\/document\/2005-10-3-13-the-sage-handbook-of-organizational-discourse-by-david-grant-cynthia-hardy-cliff-oswick-and-linda-putnam-eds\/\">The SAGE Handbook of Organizational Discourse<\/a>, by David Grant, Cynthia Hardy, Cliff Oswick and Linda Putnam, eds., reviewed by Howard A. Doughty, Seneca College, Canada (2005\/12\/23)<\/p>\n\n\n\n<p>14. <a href=\"https:\/\/innovation.cc\/document\/2005-10-3-14-the-gebusi-lives-transformed-in-a-rainforest-by-bruce-knauft\/\">The Gebusi: Lives Transformed in a Rainforest<\/a><a href=\"https:\/\/innovation.cc\/document\/2005-10-3-14-the-gebusi-lives-transformed-in-a-rainforest-by-bruce-knauft\/\">,<\/a> by Bruce Knauft, reviewed by Howard A. Doughty, Seneca College, Canada<\/p>\n\n\n\n<p>15. <a href=\"https:\/\/innovation.cc\/document\/2005-10-3-15-indigenous-knowledge-and-the-integration-of-knowledge-systems-towards-a-philosophy-of-articulation-by-catherine-a-odora-hoppers-ed\/\">Catherine A. Odora Hoppers, ed., Indigenous Knowledge and the Integration of Knowledge Systems<\/a>: Towards a Philosophy of Articulation, reviewed by Howard A. Doughty, Seneca College, Canada<\/p>\n\n\n\n<p id=\"lastupdated\">(<em>created 2005<\/em>)<\/p>\n\n\n\n<p>\ufeff<\/p>\n","protected":false},"excerpt":{"rendered":"<p>Edited by Denis Harrisson, UQAM Dedication: 1. We Have Lost a Friend: Dedication to Dr. Everett M. Rogers, by Eleanor Glor, York University, Canada, and Mario Rivera, University of New Mexico, USA. 2. Video of Everett Rogers, by Dr. Glenda R. Balas, University of New Mexico (producer\/writer) and Jason Balas, University of Oklahoma (videographer\/editor), USA&#8230;.<\/p>\n","protected":false},"author":2,"featured_media":0,"parent":9529,"menu_order":0,"comment_status":"closed","ping_status":"closed","template":"","meta":{"_kad_post_transparent":"","_kad_post_title":"","_kad_post_layout":"","_kad_post_sidebar_id":"","_kad_post_content_style":"","_kad_post_vertical_padding":"","_kad_post_feature":"","_kad_post_feature_position":"","_kad_post_header":false,"_kad_post_footer":false,"_kad_post_classname":"","footnotes":""},"class_list":["post-9759","page","type-page","status-publish","hentry"],"_links":{"self":[{"href":"https:\/\/innovation.cc\/fr\/wp-json\/wp\/v2\/pages\/9759","targetHints":{"allow":["GET"]}}],"collection":[{"href":"https:\/\/innovation.cc\/fr\/wp-json\/wp\/v2\/pages"}],"about":[{"href":"https:\/\/innovation.cc\/fr\/wp-json\/wp\/v2\/types\/page"}],"author":[{"embeddable":true,"href":"https:\/\/innovation.cc\/fr\/wp-json\/wp\/v2\/users\/2"}],"replies":[{"embeddable":true,"href":"https:\/\/innovation.cc\/fr\/wp-json\/wp\/v2\/comments?post=9759"}],"version-history":[{"count":28,"href":"https:\/\/innovation.cc\/fr\/wp-json\/wp\/v2\/pages\/9759\/revisions"}],"predecessor-version":[{"id":15008,"href":"https:\/\/innovation.cc\/fr\/wp-json\/wp\/v2\/pages\/9759\/revisions\/15008"}],"up":[{"embeddable":true,"href":"https:\/\/innovation.cc\/fr\/wp-json\/wp\/v2\/pages\/9529"}],"wp:attachment":[{"href":"https:\/\/innovation.cc\/fr\/wp-json\/wp\/v2\/media?parent=9759"}],"curies":[{"name":"wp","href":"https:\/\/api.w.org\/{rel}","templated":true}]}}