{"id":9756,"date":"2023-05-31T03:58:47","date_gmt":"2023-05-31T07:58:47","guid":{"rendered":"https:\/\/innovation.cc\/?page_id=9756"},"modified":"2023-07-25T19:59:37","modified_gmt":"2023-07-25T23:59:37","slug":"volume10-numero1","status":"publish","type":"page","link":"https:\/\/innovation.cc\/fr\/tous-les-numeros\/volume10-numero1\/","title":{"rendered":"Volume 10 num\u00e9ro 1, 2005 <br>A Special Issue on Citizen Engagement and Empowerment"},"content":{"rendered":"\n<h2 class=\"wp-block-heading\">Edited by Cheryl Simrell King<\/h2>\n\n\n\n<p><strong>Introductory Essay:<\/strong><\/p>\n\n\n\n<p>1. <a href=\"https:\/\/innovation.cc\/document\/2005-10-1-1-introduction-innovations-in-citizen-engagement-and-empowerment-beyond-boundaries\/\">Innovations in Citizen Engagement and Empowerment<\/a>: Beyond Boundaries by Cheryl Simrell King and Alicia Seegers Martinelli, The Evergreen State College, Olympia, WA, USA<\/p>\n\n\n\n<p><strong>Articles \u00e9valu\u00e9s par un comit\u00e9 de lecture :<\/strong><\/p>\n\n\n\n<p>2. <a href=\"https:\/\/innovation.cc\/document\/2005-10-1-2-the-citizen-innovator\/\">The Citizen-Innovator<\/a> by Ralf Brand, University of Texas at Austin, Nuremberg, Germany<\/p>\n\n\n\n<p>3. <a href=\"https:\/\/innovation.cc\/document\/2005-10-1-3-community-involvement-in-protecting-the-environment-the-role-of-restoration-advisory-boards-rabs\/\">Community Involvement in Protecting the Environment:<\/a> The Role of Restoration Advisory Boards (RABs) by Dr. Ross Prizzia, University of Hawaii &#8211; West Oahu, Pearl City, HI, USA<\/p>\n\n\n\n<p>4. <a href=\"https:\/\/innovation.cc\/document\/2005-10-1-4-training-and-professional-development-for-civically-engaged-communities\/\">Training and Professional Development for Civically Engaged Communities:<\/a> by Kathe Callahan Rutgers, The State University of New Jersey Campus at Newark, USA and Kaifeng Yang, Florida State University, USA<\/p>\n\n\n\n<p>5. <a href=\"https:\/\/innovation.cc\/document\/2005-10-1-5-improving-performance-and-accountability-in-local-government-with-citizen-participation\/\">Improving Performance and Accountability in Local Government with Citizen Participation<\/a>: by Pamela D. Gibson, Virginia Polytechnic Institute and State University, USA; Donald P. Lacy, The Ohio State University, USA; and Michael J. Dougherty, West Virginia University, USA<\/p>\n\n\n\n<p>6. <a href=\"https:\/\/innovation.cc\/document\/2005-10-1-6-sustaining-citizen-driven-performance-improvement-models-for-adoption-and-issues-of-sustainability\/\">Sustaining Citizen-Driven Performance Improvement:<\/a> Models for Adoption and Issues of Sustainability by Marc Holzer and Kathryn Kloby, Rutgers, The State University of New Jersey \u2013 Newark Campus, Newark, NJ, USA<\/p>\n\n\n\n<p>7. <a href=\"https:\/\/innovation.cc\/document\/2005-10-1-7-learning-processes-in-international-accountability-mechanisms\/\">Learning Processes in International Accountability Mechanisms:<\/a> by Richard E. Bissell, National Research Council, Washington, DC, USA<\/p>\n\n\n\n<p>8. <a href=\"https:\/\/innovation.cc\/document\/2005-10-1-8-participatory-processes\/\">Participatory Processes:<\/a> Creating a \u00ab\u00a0Marketplace of Ideas\u00a0\u00bb with Open Space Technology by Denise O\u2019Connor, Department of Political Science, McMaster University, Hamilton and Michelle Cooper, Integral Visions Consulting Inc., Canada<\/p>\n\n\n\n<p><strong>Documents de discussion :<\/strong><\/p>\n\n\n\n<p>9. <a href=\"https:\/\/innovation.cc\/document\/2005-10-1-9-about-empowerment\/\">About Empowermen<strong>t<\/strong><\/a>: by Eleanor Glor, Editor-in-Chief, The Innovation Journal<\/p>\n\n\n\n<p><strong>\u00c9tude de cas :<\/strong><\/p>\n\n\n\n<p>10. <a href=\"https:\/\/innovation.cc\/document\/2005-10-1-10-empowerment-through-service-learning-teaching-technology-to-senior-citizens\/\">Empowerment through Service-Learning:<\/a> Teaching Technology to Senior Citizens by Sally R. Beisser, School of Education, Drake University, Des Moines, IA, USA and Stuart W. Shulman, Center for Social and Urban Research, University of Pittsburgh, Pittsburgh, PA, USA<\/p>\n\n\n\n<p>11. <a href=\"https:\/\/innovation.cc\/document\/2005-10-1-11-the-best-and-the-brightest-fostering-innovation-and-community-involvement-in-small-colorado-communities\/\">The Best and the Brightest:<\/a> Fostering Innovation and Community Involvement in Small Colorado Communities by Kathryn Cheever and Robert Clifton, both of Center for NEW DIRECTIONS in Politics and Public Policy; and Aden Hogan, Town Administrator, Town of Parker, Colorado, USA<\/p>\n\n\n\n<p>12. <a href=\"https:\/\/innovation.cc\/document\/2005-10-1-12f-participation-des-citoyens-et-des-citoyennes-a-lelaboration-des-politiques-et-a-letablissement-des-priorites\/\">Participation des citoyens et des citoyennes \u00e0 l&rsquo;\u00e9laboration des politiques et \u00e0 l&rsquo;\u00e9tablissement des priorit\u00e9s <\/a><em>:<\/em> le Comit\u00e9 de consultation publique pour la Direction g\u00e9n\u00e9rale des produits de sant\u00e9 et des aliments, par Dr. Roger Farley, directeur g\u00e9n\u00e9ral, en collaboration avec Sylvie Cantin, directrice, Participation du public et Shari Silber, agente principale de participation du public, Bureau de la participation des consommateurs et du public, Direction g\u00e9n\u00e9rale des produits de sant\u00e9 et des aliments, Sant\u00e9 Canada<\/p>\n\n\n\n<p>Participation des citoyens et des citoyennes \u00e0 l\u2019\u00e9laboration des politiques et \u00e0 l\u2019\u00e9tablissement des priorit\u00e9s : le Comit\u00e9 de consultation publique pour la Direction g\u00e9n\u00e9rale des produits de sant\u00e9 et des aliments, de Roger Farley, avec Sylvie Cantin et Shari Silber, Direction g\u00e9n\u00e9rale des produits de sant\u00e9 et des aliments, Sant\u00e9 Canada, Canada<\/p>\n\n\n\n<p>13. <a href=\"https:\/\/innovation.cc\/document\/2005-10-1-13-empowerment-in-local-government-administration-the-case-of-elgin-illinois\/\">Empowerment in Local Government Administration:<\/a> The Case of Elgin, Illinois by Heidi O. Koenig, Division of Public Administration, Northern Illinois University, DeKalb, Illinois 60115<\/p>\n\n\n\n<p>14. <a href=\"https:\/\/innovation.cc\/document\/2005-10-1-14-policy-choices-for-contemporary-canada-the-emerging-role-of-fathers-as-primary-caregivers\/\">Policy Choices for Contemporary Canada:<\/a> The emerging role of fathers as primary caregivers by Deborah L. Norwood, Nipissing University, Canada<\/p>\n\n\n\n<p>15. <a href=\"https:\/\/innovation.cc\/document\/2005-10-1-15-from-citizen-expression-to-engagement-and-empowerment-the-case-of-olympia-washington\/\">From Citizen Expression to Engagement and Empowerment:<\/a> The Case of Olympia, Washington by Alicia Seegers Martinelli, The Evergreen State College, Olympia, WA, USA<\/p>\n\n\n\n<p><strong>Recensions<\/strong> <strong>(English Review Essay):<\/strong><\/p>\n\n\n\n<p>16. <a href=\"https:\/\/innovation.cc\/document\/2005-10-1-16-review-essay-democratic-social-engagement\/\">Democratic Social Engagement<\/a><strong>:<\/strong> by Don de Guerre, Concordia University, Montreal, QC, Canada<\/p>\n\n\n\n<p><strong>Book Recensions (<em>English<\/em> Book Reviews):<\/strong><\/p>\n\n\n\n<p>16. <a href=\"https:\/\/innovation.cc\/document\/2005-10-1-17-from-a-native-daughter-colonialism-and-sovereignty-in-hawaii-by-haunani-kay-trask\/\">From a Native Daughter: Colonialism and Sovereignty in Hawai\u2019i<\/a>: by Daniel W. (Kana) Shephard, The Evergreen State College, Olympia, WA, USA<\/p>\n\n\n\n<p>17. <a href=\"https:\/\/innovation.cc\/document\/2005-10-1-16-review-essay-democratic-social-engagement\/\">Democratic Social Engagement<\/a><strong>:<\/strong> by Don de Guerre, Concordia University, Montreal, QC, Canada<\/p>\n\n\n\n<p>18. <a href=\"https:\/\/innovation.cc\/document\/2005-10-1-18-where-is-the-public-mistrust-review-of-e-government-a-report-of-the-american-planning-association-may-2004\/\">Where is the Public Mistrust<\/a>? Review of \u201cE-Government, \u201d a report of The American Planning Association. May, 2004 by Tim Gugerty, The Evergreen StateCollege, Olympia, Washington, USA<\/p>\n\n\n\n<p><strong>News:<\/strong><\/p>\n\n\n\n<blockquote class=\"wp-block-quote is-layout-flow wp-block-quote-is-layout-flow\">\n<p>1. Voluntary Planning&#8230;a Citizens&rsquo; Policy Forum, Nova Scotia, Canada<\/p>\n\n\n\n<p>2. <a href=\"https:\/\/innovation.cc\/all-issues\/volume10-issue1\/\">Citizen Empowerment links:<\/a><\/p>\n<\/blockquote>\n\n\n\n<p id=\"lastupdated\">Created 06\/10\/2005<\/p>\n\n\n\n<p>\ufeff<\/p>\n","protected":false},"excerpt":{"rendered":"<p>Edited by Cheryl Simrell King Introductory Essay: 1. Innovations in Citizen Engagement and Empowerment: Beyond Boundaries by Cheryl Simrell King and Alicia Seegers Martinelli, The Evergreen State College, Olympia, WA, USA Articles \u00e9valu\u00e9s par un comit\u00e9 de lecture : 2. The Citizen-Innovator by Ralf Brand, University of Texas at Austin, Nuremberg, Germany 3. Community Involvement&#8230;<\/p>\n","protected":false},"author":2,"featured_media":0,"parent":9529,"menu_order":0,"comment_status":"closed","ping_status":"closed","template":"","meta":{"_kad_post_transparent":"","_kad_post_title":"","_kad_post_layout":"","_kad_post_sidebar_id":"","_kad_post_content_style":"","_kad_post_vertical_padding":"","_kad_post_feature":"","_kad_post_feature_position":"","_kad_post_header":false,"_kad_post_footer":false,"_kad_post_classname":"","footnotes":""},"class_list":["post-9756","page","type-page","status-publish","hentry"],"_links":{"self":[{"href":"https:\/\/innovation.cc\/fr\/wp-json\/wp\/v2\/pages\/9756","targetHints":{"allow":["GET"]}}],"collection":[{"href":"https:\/\/innovation.cc\/fr\/wp-json\/wp\/v2\/pages"}],"about":[{"href":"https:\/\/innovation.cc\/fr\/wp-json\/wp\/v2\/types\/page"}],"author":[{"embeddable":true,"href":"https:\/\/innovation.cc\/fr\/wp-json\/wp\/v2\/users\/2"}],"replies":[{"embeddable":true,"href":"https:\/\/innovation.cc\/fr\/wp-json\/wp\/v2\/comments?post=9756"}],"version-history":[{"count":33,"href":"https:\/\/innovation.cc\/fr\/wp-json\/wp\/v2\/pages\/9756\/revisions"}],"predecessor-version":[{"id":15535,"href":"https:\/\/innovation.cc\/fr\/wp-json\/wp\/v2\/pages\/9756\/revisions\/15535"}],"up":[{"embeddable":true,"href":"https:\/\/innovation.cc\/fr\/wp-json\/wp\/v2\/pages\/9529"}],"wp:attachment":[{"href":"https:\/\/innovation.cc\/fr\/wp-json\/wp\/v2\/media?parent=9756"}],"curies":[{"name":"wp","href":"https:\/\/api.w.org\/{rel}","templated":true}]}}