{"id":9750,"date":"2023-06-11T22:13:53","date_gmt":"2023-06-12T02:13:53","guid":{"rendered":"https:\/\/innovation.cc\/?page_id=9750"},"modified":"2023-07-25T09:55:28","modified_gmt":"2023-07-25T13:55:28","slug":"volume18-numero2","status":"publish","type":"page","link":"https:\/\/innovation.cc\/fr\/tous-les-numeros\/volume18-numero2\/","title":{"rendered":"Volume 18 num\u00e9ro 2, 2013 <br>Num\u00e9ro sp\u00e9cial sur la collaboration intersectorielle"},"content":{"rendered":"\n<h2 class=\"wp-block-heading\">Coordonn\u00e9 par G\u00e9rard Divay, Marie-Claude Pr\u00e9mont et Serge Belley<\/h2>\n\n\n\n<p>1. <a href=\"https:\/\/innovation.cc\/document\/2013-18-2-1-introduction-la-collaboration-intersectorielle-specificites-questionnements-et-perspectives\/\">Introduction<\/a>, La collaboration intersectorielle: sp\u00e9cificit\u00e9s, questionnements et perspectives, par G\u00e9rard Divay, Serge Belley et Marie-Claude Pr\u00e9mont, \u00c9cole nationale d\u2019administration publique.<\/p>\n\n\n\n<p><strong>Articles \u00e9valu\u00e9s par un comit\u00e9 de lecture \/ Peer-Reviewed Articles:<\/strong><\/p>\n\n\n\n<p>2. <a href=\"https:\/\/innovation.cc\/document\/2013-18-2-2-laction-intersectorielle-en-sante-publique-ou-lorsque-les-institutions-les-interets-et-les-idees-entrent-en-jeu\/\">L\u2019action intersectorielle en sant\u00e9 publique ou lorsque les institutions<\/a>, les int\u00e9r\u00eats et les id\u00e9es entrent en jeu, par Carole Clavier, Universit\u00e9 du Qu\u00e9bec \u00e0 Montr\u00e9al et France Gagnon, T\u00c9LUQ | Universit\u00e9 du Qu\u00e9bec.<\/p>\n\n\n\n<p>3. <a href=\"https:\/\/innovation.cc\/document\/2013-18-2-3-la-revitalisation-urbaine-integree-a-montreal-lintersectorialite-dans-laction-collective-locale\/\">La revitalisation urbaine int\u00e9gr\u00e9e \u00e0 Montr\u00e9al<\/a>, L\u2019intersectorialit\u00e9 dans l\u2019action collective locale, par G\u00e9rard Divay et Youssef Slimani, \u00c9cole nationale d\u2019administration publique.<\/p>\n\n\n\n<p>4. <a href=\"https:\/\/innovation.cc\/document\/2013-18-2-4-les-cegeps-et-le-monde-de-linnovation-au-carrefour-des-dynamiques-regionales-et-sectorielles\/\">Les c\u00e9geps et le monde de l\u2019innovation<\/a>, Au carrefour des dynamiques r\u00e9gionales et sectorielles? par Reda Bensouda, C\u00e9gep de l\u2019Outaouais; Guy Chiasson, Universit\u00e9 du Qu\u00e9bec en Outaouais; Mohamed Lamine Doumbouya, C\u00e9gep de l\u2019Outaouais; et Aziza Outghate, Universit\u00e9 du Qu\u00e9bec en Outaouais<\/p>\n\n\n\n<p>5. <a href=\"https:\/\/innovation.cc\/document\/2013-18-2-5-la-loi-et-laction-intersectorielle-de-ladministration-publique-territorialisee-au-quebec\/\">La loi et l\u2019action intersectorielle de l\u2019administration publique territorialis\u00e9e au Qu\u00e9bec<\/a>, par Marie-Claude Pr\u00e9mont, \u00c9cole nationale d\u2019administration publique.<\/p>\n\n\n\n<p>6. <a href=\"https:\/\/innovation.cc\/document\/2013-18-2-6-le-defi-de-la-coordination-et-de-linnovation-dans-les-collaborations-intersectorielles-le-cas-des-services-conseils-agricoles-au-quebec\/\">Le d\u00e9fi de la coordination et de l\u2019innovation dans les collaborations intersectorielles<\/a>, Le cas des services-conseils agricoles au Qu\u00e9bec, par Serge Belley et Marie-\u00c8ve Gaboury-Bonhomme, \u00c9cole nationale d\u2019administration publique.<\/p>\n\n\n\n<p>7. <a href=\"https:\/\/innovation.cc\/document\/2013-18-2-7-management-challenges-in-cross-sector-collaboration-elderly-care-case-study\/\">Management Challenges in Cross-Sector Collaboration: Elderly Care Case Study<\/a>, par Daniela Grudinschi, Lappeenranta University of Technology, Leena Kaljunen, SOCOM Oy &#8211; Expertise on Social Welfare, Timo Hokkanen, University of Eastern Finland, Jukka Hallikas, Sanna Sintonen and Antti Puustinen, Lappeenranta University of Technology.<\/p>\n\n\n\n<p>8. <a href=\"https:\/\/innovation.cc\/document\/2013-18-2-8-critical-success-factors-for-joint-innovation-experiences-from-a-new-zealand-innovation-platform\/\">Critical Success Factors for Joint Innovation<\/a>, Experiences from a New Zealand Innovation Platform, par Erich Buerkler, University of Northwestern Switzerland.<\/p>\n\n\n\n<p><strong>Recensions\/ Book Reviews:<\/strong><\/p>\n\n\n\n<p>9. <a href=\"https:\/\/innovation.cc\/document\/2013-18-2-9-ladministration-contemporaine-de-letat-une-perspective-canadienne-et-quebecoise-par-pierre-p-tremblay-dir\/\">Pierre P. Tremblay (dir.), L\u2019administration contemporaine de l\u2019\u00c9tat<\/a>, une perspective canadienne et qu\u00e9b\u00e9coise, revis\u00e9 par Ian Roberge, \u00c9diteur adjoint, La Revue de l\u2019innovation et Professeur agr\u00e9g\u00e9, l\u2019Universit\u00e9 York, Toronto.<\/p>\n\n\n\n<p>10. <a href=\"https:\/\/innovation.cc\/document\/2013-18-2-10-assholes-a-theory-by-aaron-james\/\">Aaron James, Assholes: A Theory<\/a>, Aaron James, reviewed by Howard A. Doughty, Book Reviews Editor, The Innovation Journal.<\/p>\n\n\n\n<p>11. <a href=\"https:\/\/innovation.cc\/document\/2013-18-2-11-the-bonobo-and-the-atheist-in-search-of-humanism-among-the-primates-by-frans-de-waal\/\">Frans de Waal, The Bonobo and the Atheist: In Search of Humanism among the Primates<\/a>, reviewed by Howard A. Doughty, Book Reviews Editor, The Innovation Journal.<\/p>\n\n\n\n<p><strong>Nouvelles<\/strong><\/p>\n\n\n\n<p><strong><a href=\"https:\/\/innovation.cc\/news-innovation\/\">News<\/a><\/strong><\/p>\n\n\n\n<p><strong>Please Donate!<\/strong><\/p>\n\n\n\n<p><a href=\"https:\/\/innovation.cc\/sponsors-advertising\/donate-pay-fees\/\">http:\/\/www.innovation.cc\/donate.htm<\/a> or <a href=\"https:\/\/innovation.cc\/fr\/commanditaires-et-publicite\/dons-et-frais-de-publication\/\">http:\/\/www.innovation.cc\/francais\/s-donate.htm<\/a><\/p>\n\n\n\n<p>Faire un don:<br><a href=\"https:\/\/innovation.cc\/fr\/commanditaires-et-publicite\/dons-et-frais-de-publication\/\">http:\/\/www.innovation.cc\/francais\/s-donate.htm<\/a><\/p>\n\n\n\n<p id=\"lastupdated\">Published September 20 2013<\/p>\n","protected":false},"excerpt":{"rendered":"<p>Coordonn\u00e9 par G\u00e9rard Divay, Marie-Claude Pr\u00e9mont et Serge Belley 1. Introduction, La collaboration intersectorielle: sp\u00e9cificit\u00e9s, questionnements et perspectives, par G\u00e9rard Divay, Serge Belley et Marie-Claude Pr\u00e9mont, \u00c9cole nationale d\u2019administration publique. Articles \u00e9valu\u00e9s par un comit\u00e9 de lecture \/ Peer-Reviewed Articles: 2. L\u2019action intersectorielle en sant\u00e9 publique ou lorsque les institutions, les int\u00e9r\u00eats et les id\u00e9es&#8230;<\/p>\n","protected":false},"author":2,"featured_media":0,"parent":9529,"menu_order":0,"comment_status":"closed","ping_status":"closed","template":"","meta":{"_kad_post_transparent":"","_kad_post_title":"","_kad_post_layout":"","_kad_post_sidebar_id":"","_kad_post_content_style":"","_kad_post_vertical_padding":"","_kad_post_feature":"","_kad_post_feature_position":"","_kad_post_header":false,"_kad_post_footer":false,"_kad_post_classname":"","footnotes":""},"class_list":["post-9750","page","type-page","status-publish","hentry"],"_links":{"self":[{"href":"https:\/\/innovation.cc\/fr\/wp-json\/wp\/v2\/pages\/9750","targetHints":{"allow":["GET"]}}],"collection":[{"href":"https:\/\/innovation.cc\/fr\/wp-json\/wp\/v2\/pages"}],"about":[{"href":"https:\/\/innovation.cc\/fr\/wp-json\/wp\/v2\/types\/page"}],"author":[{"embeddable":true,"href":"https:\/\/innovation.cc\/fr\/wp-json\/wp\/v2\/users\/2"}],"replies":[{"embeddable":true,"href":"https:\/\/innovation.cc\/fr\/wp-json\/wp\/v2\/comments?post=9750"}],"version-history":[{"count":29,"href":"https:\/\/innovation.cc\/fr\/wp-json\/wp\/v2\/pages\/9750\/revisions"}],"predecessor-version":[{"id":15444,"href":"https:\/\/innovation.cc\/fr\/wp-json\/wp\/v2\/pages\/9750\/revisions\/15444"}],"up":[{"embeddable":true,"href":"https:\/\/innovation.cc\/fr\/wp-json\/wp\/v2\/pages\/9529"}],"wp:attachment":[{"href":"https:\/\/innovation.cc\/fr\/wp-json\/wp\/v2\/media?parent=9750"}],"curies":[{"name":"wp","href":"https:\/\/api.w.org\/{rel}","templated":true}]}}