{"id":9747,"date":"2023-05-31T03:58:48","date_gmt":"2023-05-31T07:58:48","guid":{"rendered":"https:\/\/innovation.cc\/?page_id=9747"},"modified":"2023-07-23T01:25:27","modified_gmt":"2023-07-23T05:25:27","slug":"volume17-numero3","status":"publish","type":"page","link":"https:\/\/innovation.cc\/fr\/tous-les-numeros\/volume17-numero3\/","title":{"rendered":"Volume 17 num\u00e9ro 3, 2012 <br>\u00c9dition libre"},"content":{"rendered":"\n<p><strong>Articles \u00e9valu\u00e9s par un comit\u00e9 de lecture:<\/strong><\/p>\n\n\n\n<p>1. <a href=\"https:\/\/innovation.cc\/document\/2012-17-3-1-qui-sont-les-auteurs-de-la-performance-collective-locale-pour-une-mise-en-perspective-de-la-performance-publique\/\">Qui sont les auteurs de la performance collective locale?<\/a>, Pour une mise en perspective de la performance publique, par G\u00e9rard Divay, \u00c9cole nationale d&rsquo;administration publique (ENAP), Qu\u00e9bec, Canada<\/p>\n\n\n\n<p>2. <a href=\"https:\/\/innovation.cc\/document\/2012-17-3-2-criteria-for-developing-mediated-urban-nervous-systems-a-complex-adaptive-systems-perspective\/\">Criteria for Developing Mediated Urban Nervous Systems<\/a>, A Complex Adaptive Systems Perspective, by Mary Ann Allison, Hofstra University, New York, USA<\/p>\n\n\n\n<p>3. <a href=\"https:\/\/innovation.cc\/document\/2012-17-3-3-computer-mediated-communication-in-alice-rap-a-methodology-to-enhance-the-quality-of-large-scale-transdisciplinary-research\/\">Computer-mediated communication in ALICE RAP<\/a>, A methodology to enhance the quality of large-scale transdisciplinary research, by Maurice B. Mittelmark, Michaela Bitarello Do Amaral-Sabadini, Peter Anderson, Antoni Gual, Fleur Braddick, Silvia Matrai, Tamyko Ysa<\/p>\n\n\n\n<p>4. <a href=\"https:\/\/innovation.cc\/document\/2012-17-3-4-lending-dynamism-to-innovative-capacity-in-the-periphery-of-europe\/\">Lending Dynamism to Innovative Capacity in the Periphery of Europe<\/a>, by Sotiris Zygiaris, Aristotle University, Thessaloniki, Greece<\/p>\n\n\n\n<p><strong>Documents de discussion:<\/strong><\/p>\n\n\n\n<p>5. <a href=\"https:\/\/innovation.cc\/document\/2012-17-3-5-twinning-as-an-innovative-practice-in-public-administration-an-example-from-the-netherlands\/\">Twinning as an Innovative Practice in Public Administration<\/a>, An example from the Netherlands, by Dr. Philip Marcel Karr\u00e9 and Prof. dr. Mark van Twist, Netherlands School for Public Administration, The Hague, The Netherlands<\/p>\n\n\n\n<p>6. <a href=\"https:\/\/innovation.cc\/document\/2012-17-3-6-computer-utilization-social-capital-and-basic-social-service-accessibility-in-central-america\/\">Computer Utilization, Social Capital and Basic Social Service Accessibility in Central America<\/a>, by Jolynne Bachelor, Kristin Whitehill Bolton, Paul-Jes\u00fas Fericelli, Laura Frank Terry, Pamela Hancock, Silviya Nikolva, Vijayan Pillai, and Erica Ruiz<\/p>\n\n\n\n<p>7. <a href=\"https:\/\/innovation.cc\/document\/2012-17-3-7-de-lobjet-aux-valeurs-communes-quel-principe-pour-la-coordination-des-acteurs-dans-les-ppp-agissant-dans-le-domaine-de-laide-a-la-sante\/\">De l&rsquo;objet aux valeurs communes<\/a>, quel principe pour la coordination des acteurs dans les PPP agissant dans le domaine de l\u2019aide \u00e0 la sant\u00e9 ? par Mamadou I Barry, Universit\u00e9 Lille 1, Sciences et Technologie, France<\/p>\n\n\n\n<p><strong>\u00c9tude de cas:<\/strong><\/p>\n\n\n\n<p>8. <a href=\"https:\/\/innovation.cc\/document\/2012-17-3-8-the-whitehall-innovation-hub-an-emphasis-on-capabilities-and-connectivity\/\">The Whitehall Innovation Hub<\/a> ,An emphasis on Capabilities and Connectivity, by Su Maddock, University of the West of England and Manchester Business School,<br>University of Manchester<\/p>\n\n\n\n<p><strong>Recensions (<em>English<\/em> Book Reviews):<\/strong><\/p>\n\n\n\n<p>9. <a href=\"https:\/\/innovation.cc\/document\/2012-17-3-9-on-a-farther-shore-the-life-and-legacy-of-rachel-carson-by-william-souder\/\">On a Farther Shore<\/a>, The Life and Legacy of Rachel Carson, by William Souder, reviewed by Howard A. Doughty, Seneca College, Canada<\/p>\n\n\n\n<p>10. <a href=\"https:\/\/innovation.cc\/document\/2012-17-3-10-thinking-fast-and-slow-by-daniel-kahneman\/\">Thinking Fast and Slow<\/a>, by Daniel Kahneman, reviewed by Iain Gow, Universit\u00e9 de Montr\u00e9al, Canada<\/p>\n\n\n\n<p>11. <a href=\"https:\/\/innovation.cc\/document\/2012-17-3-11-measuring-the-mosaic-an-intellectual-biography-of-john-porter-by-rick-helms-hayes\/\">Measuring the Mosaic<\/a>, An Intellectual Biography of John Porter, by Rick Helms-Hayes, reviewed by Howard A. Doughty, Seneca College, Canada.<\/p>\n\n\n\n<p>12. <a href=\"https:\/\/innovation.cc\/document\/2012-17-3-12-native-america-discovered-and-conquered-thomas-jefferson-lewis-clark-and-manifest-destiny-by-robert-j-miller\/\">Native America, Discovered and Conquered<\/a>, Thomas Jefferson, Lewis &amp; Clark, and Manifest Destiny, by Robert J. Miller, reviewed by Jerry Hammersmith, Canada<\/p>\n\n\n\n<p>13. <a href=\"https:\/\/innovation.cc\/document\/2012-17-3-13-the-international-human-rights-movement-a-history-by-aryeh-neier\/\">The International Human Rights Movement<\/a>, A History, by Aryeh Neier, reviewed by Howard A. Doughty, Seneca College, Canada<\/p>\n\n\n\n<p>14. <a href=\"https:\/\/innovation.cc\/document\/2012-17-3-14-the-world-health-organization-between-north-and-south-by-nitsan-chorev\/\">The World Health Organization between North and South<\/a>, by Nitsan Chorev, reviewed by Howard A. Doughty, Seneca College, Canada<\/p>\n\n\n\n<p>15. <a href=\"https:\/\/innovation.cc\/document\/2012-17-3-14-the-world-health-organization-between-north-and-south-by-nitsan-chorev\/\">Wicked Environmental Problems<\/a>, Managing Uncertainty and Conflict, by Balint, Stewart, Desai, and Walters, reviewed by Michael Popejoy<\/p>\n\n\n\n<p>16. <a href=\"https:\/\/innovation.cc\/document\/2012-17-3-16-a-life-of-learning-and-other-pleasures-john-meisels-tale-by-john-meisel\/\">A Life of Learning and Other Pleasures<\/a>, John Meisel\u2019s Tale, by John Meisel, reviewed by James Iain Gow, Universit\u00e9 de Montr\u00e9al, Canada.<\/p>\n\n\n\n<p><strong>News<\/strong><\/p>\n","protected":false},"excerpt":{"rendered":"<p>Articles \u00e9valu\u00e9s par un comit\u00e9 de lecture: 1. Qui sont les auteurs de la performance collective locale?, Pour une mise en perspective de la performance publique, par G\u00e9rard Divay, \u00c9cole nationale d&rsquo;administration publique (ENAP), Qu\u00e9bec, Canada 2. Criteria for Developing Mediated Urban Nervous Systems, A Complex Adaptive Systems Perspective, by Mary Ann Allison, Hofstra University,&#8230;<\/p>\n","protected":false},"author":2,"featured_media":0,"parent":9529,"menu_order":0,"comment_status":"closed","ping_status":"closed","template":"","meta":{"_kad_post_transparent":"","_kad_post_title":"","_kad_post_layout":"","_kad_post_sidebar_id":"","_kad_post_content_style":"","_kad_post_vertical_padding":"","_kad_post_feature":"","_kad_post_feature_position":"","_kad_post_header":false,"_kad_post_footer":false,"_kad_post_classname":"","footnotes":""},"class_list":["post-9747","page","type-page","status-publish","hentry"],"_links":{"self":[{"href":"https:\/\/innovation.cc\/fr\/wp-json\/wp\/v2\/pages\/9747","targetHints":{"allow":["GET"]}}],"collection":[{"href":"https:\/\/innovation.cc\/fr\/wp-json\/wp\/v2\/pages"}],"about":[{"href":"https:\/\/innovation.cc\/fr\/wp-json\/wp\/v2\/types\/page"}],"author":[{"embeddable":true,"href":"https:\/\/innovation.cc\/fr\/wp-json\/wp\/v2\/users\/2"}],"replies":[{"embeddable":true,"href":"https:\/\/innovation.cc\/fr\/wp-json\/wp\/v2\/comments?post=9747"}],"version-history":[{"count":31,"href":"https:\/\/innovation.cc\/fr\/wp-json\/wp\/v2\/pages\/9747\/revisions"}],"predecessor-version":[{"id":14654,"href":"https:\/\/innovation.cc\/fr\/wp-json\/wp\/v2\/pages\/9747\/revisions\/14654"}],"up":[{"embeddable":true,"href":"https:\/\/innovation.cc\/fr\/wp-json\/wp\/v2\/pages\/9529"}],"wp:attachment":[{"href":"https:\/\/innovation.cc\/fr\/wp-json\/wp\/v2\/media?parent=9747"}],"curies":[{"name":"wp","href":"https:\/\/api.w.org\/{rel}","templated":true}]}}