{"id":9744,"date":"2023-05-31T03:58:48","date_gmt":"2023-05-31T07:58:48","guid":{"rendered":"https:\/\/innovation.cc\/?page_id=9744"},"modified":"2023-07-23T01:28:36","modified_gmt":"2023-07-23T05:28:36","slug":"volume15-numero1","status":"publish","type":"page","link":"https:\/\/innovation.cc\/fr\/tous-les-numeros\/volume15-numero1\/","title":{"rendered":"Volume 15 num\u00e9ro 1, 2010"},"content":{"rendered":"\n<h4 class=\"wp-block-heading\"><strong>Book:<\/strong><\/h4>\n\n\n\n<p>1. <a href=\"https:\/\/innovation.cc\/document\/2009-14-2-1-social-inventions\/\">Social Inventions<\/a>, by Stu Conger, Former Chairman and Executive Director, Saskatchewan NewStart Inc., Canada<\/p>\n\n\n\n<h4 class=\"wp-block-heading\"><strong>Scholarly-Style Articles:<\/strong><\/h4>\n\n\n\n<p>2. <a href=\"https:\/\/innovation.cc\/document\/2009-14-2-2-technological-cooperation\/\">Technological Cooperation:<\/a> A New Type of Relations in the Progress of National Innovation Systems, by Nieves Arranz, Faculty of Economics and Business Administration, UNED and Juan C. Fdez. de Arroyabe, ESIC Business &amp; Marketing School, Spain.<\/p>\n\n\n\n<p>3. <a href=\"https:\/\/innovation.cc\/document\/2009-14-2-3-information-asymmetry-and-the-contracting-out-process\/\">Information Asymmetry and the Contracting Out Process<\/a>, by Francis Amagoh, Department of Public Administration, KIMEP, Almaty, Kazakhstan.<\/p>\n\n\n\n<h4 class=\"wp-block-heading\"><strong>Case Studies:<\/strong><\/h4>\n\n\n\n<p>4. <a href=\"https:\/\/innovation.cc\/document\/2009-14-2-4-innovating-in-the-german-public-sector-how-a-think-tank-frames-the-debate-on-npm\/\">Innovating in the German Public Secto<\/a>r: How a Think Tank Frames the Debate on NPM, by Rick Vogel and Jetta Frost, University of Hamburg, Germany<\/p>\n\n\n\n<p>5. <a href=\"https:\/\/innovation.cc\/document\/2009-14-2-5-challenges-for-urban-environments-in-the-implementation-of-dual-language-programs\/\">Challenges for Urban Environments in the Implementation of Dual Language Programs<\/a>, by Lucia Buttaro, Adelphi University, USA.<\/p>\n\n\n\n<h4 class=\"wp-block-heading\"><strong>Book Reviews:<\/strong><\/h4>\n\n\n\n<p>6.<a href=\"https:\/\/innovation.cc\/document\/2009-14-2-6-governing-by-network-the-new-shape-of-the-public-sector-by-stephen-goldsmith-and-william-d-eggers\/\">Governing by Network<\/a>: The new Shape of the Public Sector, by Stephen Goldsmith and William D. Eggers, reviewed by Dumisani Mphalala, Centre for Public Service Innovation (CPSI), South Africa.<\/p>\n\n\n\n<p>7. <a href=\"https:\/\/innovation.cc\/document\/2009-14-2-7-the-brain-that-changes-itself-stories-of-personal-triumph-from-the-frontiers-of-brain-science-by-norman-doidge\/\">The Brain that Changes Itself<\/a>: Stories of Personal Triumph from the Frontiers of Brain Science, by Norman Doidge, reviewed by Howard A. Doughty, Seneca College, Canada<\/p>\n\n\n\n<p>8. <a href=\"https:\/\/innovation.cc\/document\/2009-14-2-8-a-cognitive-theory-of-the-firm-learning-governance-and-dynamic-capabilities-by-bart-nooteboom\/\">A Cognitive Theory of the Firm<\/a>: Learning, Governance and Dynamic Capabilities, by Bart Nooteboom, reviewed by Howard A. Doughty, Seneca College, Canada<\/p>\n\n\n\n<p>9. <a href=\"https:\/\/innovation.cc\/document\/2009-14-2-9-collective-intelligence-creating-a-prosperous-world-at-peace-by-mark-tovey-ed\/\">Collective Intelligence<\/a>: Creating a Prosperous World at Peace, by Mark Tovey, ed., reviewed by Howard A. Doughty, Seneca College, Canada<\/p>\n\n\n\n<p><a href=\"https:\/\/innovation.cc\/all-issues\/volume15-issue1\/\"><strong>La Revue de l\u2019innovation:<\/strong><\/a><\/p>\n\n\n\n<p><strong>Articles \u00e9valu\u00e9s par un comite de lecture :<\/strong><\/p>\n\n\n\n<p>10. <a href=\"https:\/\/innovation.cc\/document\/2009-14-2-10-evaluation-ex-ante-du-service-offert-par-le-rfid-a-la-bibliotheque\/\">Evaluation ex-ante du service offert par le RFId \u00e0 la biblioth\u00e8que<\/a>, par Alex Durand, Centre de Recherche Public Henri Tudor, Grand-duch\u00e9 de Luxembourg<\/p>\n\n\n\n<h4 class=\"wp-block-heading\"><strong>Recension :<\/strong><\/h4>\n\n\n\n<p>11. <a href=\"https:\/\/innovation.cc\/document\/2009-14-2-11-linnovation-une-affaire-detat-gagnants-et-perdants-de-la-troisieme-revolution-industrielle-par-claude-rochet\/\">L\u2019Innovation une affaire d\u2019\u00e9tat :<\/a> gagnants et perdants de la troisi\u00e8me r\u00e9volution industrielle, par Claude Rochet, recension par Ian Roberge, Coll\u00e8ge Glendon, Universit\u00e9 York, Toronto, Canada.<\/p>\n\n\n\n<p id=\"lastupdated\">Updated 12\/17\/2008 (<em>04\/11\/2008<\/em>)<\/p>\n","protected":false},"excerpt":{"rendered":"<p>Book: 1. Social Inventions, by Stu Conger, Former Chairman and Executive Director, Saskatchewan NewStart Inc., Canada Scholarly-Style Articles: 2. Technological Cooperation: A New Type of Relations in the Progress of National Innovation Systems, by Nieves Arranz, Faculty of Economics and Business Administration, UNED and Juan C. Fdez. de Arroyabe, ESIC Business &amp; Marketing School, Spain&#8230;.<\/p>\n","protected":false},"author":2,"featured_media":0,"parent":9529,"menu_order":0,"comment_status":"closed","ping_status":"closed","template":"","meta":{"_kad_post_transparent":"","_kad_post_title":"","_kad_post_layout":"","_kad_post_sidebar_id":"","_kad_post_content_style":"","_kad_post_vertical_padding":"","_kad_post_feature":"","_kad_post_feature_position":"","_kad_post_header":false,"_kad_post_footer":false,"_kad_post_classname":"","footnotes":""},"class_list":["post-9744","page","type-page","status-publish","hentry"],"_links":{"self":[{"href":"https:\/\/innovation.cc\/fr\/wp-json\/wp\/v2\/pages\/9744","targetHints":{"allow":["GET"]}}],"collection":[{"href":"https:\/\/innovation.cc\/fr\/wp-json\/wp\/v2\/pages"}],"about":[{"href":"https:\/\/innovation.cc\/fr\/wp-json\/wp\/v2\/types\/page"}],"author":[{"embeddable":true,"href":"https:\/\/innovation.cc\/fr\/wp-json\/wp\/v2\/users\/2"}],"replies":[{"embeddable":true,"href":"https:\/\/innovation.cc\/fr\/wp-json\/wp\/v2\/comments?post=9744"}],"version-history":[{"count":22,"href":"https:\/\/innovation.cc\/fr\/wp-json\/wp\/v2\/pages\/9744\/revisions"}],"predecessor-version":[{"id":14828,"href":"https:\/\/innovation.cc\/fr\/wp-json\/wp\/v2\/pages\/9744\/revisions\/14828"}],"up":[{"embeddable":true,"href":"https:\/\/innovation.cc\/fr\/wp-json\/wp\/v2\/pages\/9529"}],"wp:attachment":[{"href":"https:\/\/innovation.cc\/fr\/wp-json\/wp\/v2\/media?parent=9744"}],"curies":[{"name":"wp","href":"https:\/\/api.w.org\/{rel}","templated":true}]}}