{"id":9740,"date":"2023-05-31T03:58:48","date_gmt":"2023-05-31T07:58:48","guid":{"rendered":"https:\/\/innovation.cc\/?page_id=9740"},"modified":"2023-07-23T01:28:40","modified_gmt":"2023-07-23T05:28:40","slug":"volume14-numero3","status":"publish","type":"page","link":"https:\/\/innovation.cc\/fr\/tous-les-numeros\/volume14-numero3\/","title":{"rendered":"Volume 14 num\u00e9ro 3, 2009 <br>Num\u00e9ro sp\u00e9cial sur la gestion de la qualit\u00e9 dans le secteur public"},"content":{"rendered":"\n<h2 class=\"wp-block-heading\">Coordonn\u00e9 par Nassera Touati et G\u00e9rard Divay<\/h2>\n\n\n\n<h4 class=\"wp-block-heading\">Chaque article a un r\u00e9sum\u00e9 de l\u2019article en anglais.<\/h4>\n\n\n\n<p>1. <a href=\"https:\/\/innovation.cc\/document\/2009-14-3-1-introduction-la-gestion-de-la-qualite-dans-le-secteur-public-a-t-on-fait-le-tour-de-la-question\/\">Introduction :<\/a> La gestion de la qualit\u00e9 dans le secteur public : a-t-on fait le tour de la question?, par Nassera Touati, \u00c9cole nationale d\u2019administration publique.<\/p>\n\n\n\n<h4 class=\"wp-block-heading\">Articles \u00e9valu\u00e9s par un comit\u00e9 de lecture :<\/h4>\n\n\n\n<p>2. <a href=\"https:\/\/innovation.cc\/document\/2009-14-3-2-apports-essentiels-du-management-de-la-qualite-au-renouveau-du-modele-bureaucratique\/\">Apports essentiels du management de la qualit\u00e9 au renouveau du mod\u00e8le bureaucratique<\/a>, par Yves Emery, Institut de hautes \u00e9tudes en administration publique.<\/p>\n\n\n\n<p>3. <a href=\"https:\/\/innovation.cc\/document\/2009-14-3-3-qualite-des-services-locaux-et-citoyennete-locale-de-qualite-exploration-dun-angle-mort-de-la-mesure-de-la-performance-dans-les-municipalites\/\">Qualit\u00e9 des services locaux et citoyennet\u00e9 locale de qualit\u00e9 <\/a>: Exploration d\u2019un angle mort de la mesure de la performance dans les municipalit\u00e9s, par G\u00e9rard Divay, \u00c9cole nationale d\u2019administration publique.<\/p>\n\n\n\n<p>4. <a href=\"https:\/\/innovation.cc\/document\/2009-14-3-11-la-gestion-de-la-qualite-des-services-publics-apprendre-a-gerer-les-tensions\/\">La gestion de la qualit\u00e9 du point de vue des pratiques sociales<\/a>, par Martin Goyette, \u00c9cole nationale d\u2019administration publique, Christian Jett\u00e9, Universit\u00e9 de Montr\u00e9al et M\u00e9lanie Corneau, Association des Centres Jeunesse, Qu\u00e9bec.<\/p>\n\n\n\n<p>5. <a href=\"https:\/\/innovation.cc\/document\/2009-14-3-5-la-qualite-en-education-un-enjeu-de-collaboration-a-cerner\/\">La qualit\u00e9 en \u00e9ducation : un enjeu de collaboration \u00e0 cerner<\/a>, par Lise Corriveau, Martin Boyer et Nicolas Fernandez, Universit\u00e9 de Sherbrooke.<\/p>\n\n\n\n<p>6. <a href=\"https:\/\/innovation.cc\/document\/2009-14-3-6-lamelioration-de-la-qualite-des-services-publics-et-ses-leviers-technologiques-dans-un-contexte-de-gouvernement-electronique-le-cas-du-quebec\/\">L\u2019am\u00e9lioration de la qualit\u00e9 des services publics et ses leviers technologiques dans un contexte de gouvernement \u00e9lectronique<\/a> : le cas du Qu\u00e9bec, par Christian Boudreau, \u00c9cole nationale d\u2019administration publique.<\/p>\n\n\n\n<p>7. <a href=\"https:\/\/innovation.cc\/document\/2009-14-3-7-les-paradoxes-des-demarches-qualite-dans-les-hopitaux-publics-modelisation-de-formes-dancrage-rivales\/\">Les paradoxes des d\u00e9marches qualit\u00e9 dans les h\u00f4pitaux publics <\/a>: mod\u00e9lisation de formes d\u2019ancrage rivales, par Daniel Lozeau, \u00c9cole nationale d\u2019administration publique.<\/p>\n\n\n\n<p>8. <a href=\"https:\/\/innovation.cc\/document\/2009-14-3-8-la-participation-des-usagers-a-la-gestion-de-la-qualite-des-csss-un-mirage-ou-une-realite\/\">La participation des usagers \u00e0 la gestion de la qualit\u00e9 des CSSS<\/a> : un mirage ou une r\u00e9alit\u00e9 ?, par Marie-Pascale Pomey, Universit\u00e9 de Montr\u00e9al, Maggy Pierre, Universit\u00e9 de Montr\u00e9al et V\u00e9ronique Ghadi.<\/p>\n\n\n\n<h4 class=\"wp-block-heading\">Document de discussion :<\/h4>\n\n\n\n<p>9. <a href=\"https:\/\/innovation.cc\/document\/2009-14-3-9-des-partenariats-universite-entreprise-un-ingredient-essentiel-a-la-qualite-de-la-formation-continue-quelques-elements-de-reflexion-pour-laction\/\">Des partenariats universit\u00e9-entreprise<\/a> : un ingr\u00e9dient essentiel \u00e0 la qualit\u00e9 de la formation continue ? Quelques \u00e9l\u00e9ments de r\u00e9flexion pour l\u2019action, Michel Boisclair, \u00c9cole nationale d\u2019administration publique.<\/p>\n\n\n\n<h4 class=\"wp-block-heading\">Etude de cas :<\/h4>\n\n\n\n<p>10. <a href=\"https:\/\/innovation.cc\/document\/2009-14-3-10-utilite-dun-referentiel-de-la-qualite-qui-soit-coherent-avec-la-mission\/\">Utilit\u00e9 d\u2019un r\u00e9f\u00e9rentiel de la qualit\u00e9 qui soit coh\u00e9rent avec la mission<\/a>, par Yvon Legris, Centre de r\u00e9adaptation InterVal &#8211; Mauricie et Centre-du-Qu\u00e9bec.<\/p>\n\n\n\n<h4 class=\"wp-block-heading\">11. Conclusion :<\/h4>\n\n\n\n<p>11.<a href=\"https:\/\/innovation.cc\/document\/2009-14-3-11-la-gestion-de-la-qualite-des-services-publics-apprendre-a-gerer-les-tensions\/\"> La gestion de la qualit\u00e9 des services publics<\/a> : apprendre \u00e0 g\u00e9rer les tensions, par Nassera Touati, \u00c9cole nationale d\u2019administration publique.<\/p>\n\n\n\n<p id=\"lastupdated\">(<em>Dec 17 2009<\/em>)<\/p>\n","protected":false},"excerpt":{"rendered":"<p>Coordonn\u00e9 par Nassera Touati et G\u00e9rard Divay Chaque article a un r\u00e9sum\u00e9 de l\u2019article en anglais. 1. Introduction : La gestion de la qualit\u00e9 dans le secteur public : a-t-on fait le tour de la question?, par Nassera Touati, \u00c9cole nationale d\u2019administration publique. Articles \u00e9valu\u00e9s par un comit\u00e9 de lecture : 2. Apports essentiels du&#8230;<\/p>\n","protected":false},"author":2,"featured_media":0,"parent":9529,"menu_order":0,"comment_status":"closed","ping_status":"closed","template":"","meta":{"_kad_post_transparent":"","_kad_post_title":"","_kad_post_layout":"","_kad_post_sidebar_id":"","_kad_post_content_style":"","_kad_post_vertical_padding":"","_kad_post_feature":"","_kad_post_feature_position":"","_kad_post_header":false,"_kad_post_footer":false,"_kad_post_classname":"","footnotes":""},"class_list":["post-9740","page","type-page","status-publish","hentry"],"_links":{"self":[{"href":"https:\/\/innovation.cc\/fr\/wp-json\/wp\/v2\/pages\/9740","targetHints":{"allow":["GET"]}}],"collection":[{"href":"https:\/\/innovation.cc\/fr\/wp-json\/wp\/v2\/pages"}],"about":[{"href":"https:\/\/innovation.cc\/fr\/wp-json\/wp\/v2\/types\/page"}],"author":[{"embeddable":true,"href":"https:\/\/innovation.cc\/fr\/wp-json\/wp\/v2\/users\/2"}],"replies":[{"embeddable":true,"href":"https:\/\/innovation.cc\/fr\/wp-json\/wp\/v2\/comments?post=9740"}],"version-history":[{"count":16,"href":"https:\/\/innovation.cc\/fr\/wp-json\/wp\/v2\/pages\/9740\/revisions"}],"predecessor-version":[{"id":14838,"href":"https:\/\/innovation.cc\/fr\/wp-json\/wp\/v2\/pages\/9740\/revisions\/14838"}],"up":[{"embeddable":true,"href":"https:\/\/innovation.cc\/fr\/wp-json\/wp\/v2\/pages\/9529"}],"wp:attachment":[{"href":"https:\/\/innovation.cc\/fr\/wp-json\/wp\/v2\/media?parent=9740"}],"curies":[{"name":"wp","href":"https:\/\/api.w.org\/{rel}","templated":true}]}}