{"id":9738,"date":"2023-03-19T21:49:34","date_gmt":"2023-03-20T01:49:34","guid":{"rendered":"https:\/\/innovation.cc\/?page_id=9738"},"modified":"2024-06-01T12:22:02","modified_gmt":"2024-06-01T16:22:02","slug":"membres-du-comite-de-redaction","status":"publish","type":"page","link":"https:\/\/innovation.cc\/fr\/a-propos-de-la-revue-de-linnovation\/membres-du-comite-de-redaction\/","title":{"rendered":"Membres du Comit\u00e9 de redaction"},"content":{"rendered":"\n<p>Les membres du comit\u00e9 de r\u00e9daction de <em>La revue de l&rsquo;innovation<\/em> sont:<\/p>\n\n\n\n<ul class=\"wp-block-list\">\n<li>Eleanor Glor (F, E), Editor in Chief and Publisher of The Innovation Journal, Ottawa, Canada, for many years Adjunct Professor, School of Public Policy and Administration, Faculty of Liberal Arts and Professional Studies and currently Fellow, McLaughlin College, York University, Toronto, Canada.<\/li>\n\n\n\n<li>Iain Gow (F, E), Professor Emeritus, Department of Political Science, University of Montr\u00e9al, Canada.<\/li>\n\n\n\n<li>Elke L\u00f6ffler (F, E), Chief Executive, Governance International, United Kingdom<\/li>\n\n\n\n<li>Nassera Touati (F), Professeure agr\u00e9g\u00e9e, \u00c9cole Nationale d&rsquo;Administration Publique, Quebec, Canada<\/li>\n<\/ul>\n\n\n\n<p><strong>(F)= French<br>(E) = English<\/strong><\/p>\n\n\n\n<p>Last updated: July 10 2022<\/p>\n","protected":false},"excerpt":{"rendered":"<p>Les membres du comit\u00e9 de r\u00e9daction de La revue de l&rsquo;innovation sont: (F)= French(E) = English Last updated: July 10 2022<\/p>\n","protected":false},"author":2,"featured_media":0,"parent":9520,"menu_order":0,"comment_status":"closed","ping_status":"closed","template":"","meta":{"_kad_post_transparent":"","_kad_post_title":"","_kad_post_layout":"","_kad_post_sidebar_id":"","_kad_post_content_style":"","_kad_post_vertical_padding":"","_kad_post_feature":"","_kad_post_feature_position":"","_kad_post_header":false,"_kad_post_footer":false,"_kad_post_classname":"","footnotes":""},"class_list":["post-9738","page","type-page","status-publish","hentry"],"_links":{"self":[{"href":"https:\/\/innovation.cc\/fr\/wp-json\/wp\/v2\/pages\/9738","targetHints":{"allow":["GET"]}}],"collection":[{"href":"https:\/\/innovation.cc\/fr\/wp-json\/wp\/v2\/pages"}],"about":[{"href":"https:\/\/innovation.cc\/fr\/wp-json\/wp\/v2\/types\/page"}],"author":[{"embeddable":true,"href":"https:\/\/innovation.cc\/fr\/wp-json\/wp\/v2\/users\/2"}],"replies":[{"embeddable":true,"href":"https:\/\/innovation.cc\/fr\/wp-json\/wp\/v2\/comments?post=9738"}],"version-history":[{"count":7,"href":"https:\/\/innovation.cc\/fr\/wp-json\/wp\/v2\/pages\/9738\/revisions"}],"predecessor-version":[{"id":15715,"href":"https:\/\/innovation.cc\/fr\/wp-json\/wp\/v2\/pages\/9738\/revisions\/15715"}],"up":[{"embeddable":true,"href":"https:\/\/innovation.cc\/fr\/wp-json\/wp\/v2\/pages\/9520"}],"wp:attachment":[{"href":"https:\/\/innovation.cc\/fr\/wp-json\/wp\/v2\/media?parent=9738"}],"curies":[{"name":"wp","href":"https:\/\/api.w.org\/{rel}","templated":true}]}}