{"id":9727,"date":"2023-03-19T21:46:12","date_gmt":"2023-03-20T01:46:12","guid":{"rendered":"https:\/\/innovation.cc\/?page_id=9727"},"modified":"2023-07-25T19:59:37","modified_gmt":"2023-07-25T23:59:37","slug":"etudes-de-cas","status":"publish","type":"page","link":"https:\/\/innovation.cc\/fr\/bibliotheque-des-documents\/etudes-de-cas\/","title":{"rendered":"\u00c9tudes de cas"},"content":{"rendered":"<p>Si vous citez un article ou tout autre mat\u00e9riel publi\u00e9 par <em>La Revue de l&rsquo;innovation<\/em>, veuillez en aviser <a href=\"mailto:eglor@magma.ca\">la r\u00e9dactrice en chef<\/a>.<\/p>\n<p><a href=\"https:\/\/innovation.cc\/document\/2009-14-3-10-utilite-dun-referentiel-de-la-qualite-qui-soit-coherent-avec-la-mission\/\">Utilit\u00e9 d\u2019un r\u00e9f\u00e9rentiel de la qualit\u00e9 qui soit coh\u00e9rent avec la mission<\/a>, par Yvon Legris, Centre de r\u00e9adaptation InterVal &#8211; Mauricie et Centre-du-Qu\u00e9bec (12\/17\/2009)<\/p>\n<p><a href=\"https:\/\/innovation.cc\/document\/2005-10-1-12f-participation-des-citoyens-et-des-citoyennes-a-lelaboration-des-politiques-et-a-letablissement-des-priorites\/\">Participation des citoyens et des citoyennes \u00e0 l&rsquo;\u00e9laboration des politiques et \u00e0 l&rsquo;\u00e9tablissement des priorit\u00e9s<\/a> le Comit\u00e9 de consultation publique pour la Direction g\u00e9n\u00e9rale des produits de sant\u00e9 et des aliments, par Dr. Roger Farley, directeur g\u00e9n\u00e9ral, en collaboration avec Sylvie Cantin, directrice, Participation du public et Shari Silber, agente principale de participation du public, Bureau de la participation des consommateurs et du public, Direction g\u00e9n\u00e9rale des produits de sant\u00e9 et des aliments, Sant\u00e9 Canada (6\/10\/2005)<\/p>\n<p><a href=\"https:\/\/innovation.cc\/document\/2005-10-1-12f-participation-des-citoyens-et-des-citoyennes-a-lelaboration-des-politiques-et-a-letablissement-des-priorites\/\">Participation des citoyens et des citoyennes \u00e0 l&rsquo;\u00e9laboration des politiques et \u00e0 l&rsquo;\u00e9tablissement des priorit\u00e9s <\/a><em>:<\/em> le Comit\u00e9 de consultation publique pour la Direction g\u00e9n\u00e9rale des produits de sant\u00e9 et des aliments, par Dr. Roger Farley, directeur g\u00e9n\u00e9ral, en collaboration avec Sylvie Cantin, directrice, Participation du public et Shari Silber, agente principale de participation du public, Bureau de la participation des consommateurs et du public, Direction g\u00e9n\u00e9rale des produits de sant\u00e9 et des aliments, Sant\u00e9 Canada (01\/03\/2005)<\/p>\n<p>\u00c9tudes de cas<i> :<\/i> Diversification des modes de prestation des services, Secr\u00e9tariat du Conseil du Tr\u00e9sor du Canada (12\/03\/2002)<\/p>\n<p>Une \u00e9tude du <a href=\"https:\/\/innovation.cc\/document\/1998-03-3-6-metropolis-project\/\">Project M\u00e9tropole<\/a> (03\/03\/1998)<\/p>\n<p><a href=\"https:\/\/www.canada.ca\/fr.html \">Canadian Government <\/a>: Recherche sites et <a href=\"https:\/\/www.canada.ca\/fr\/services\/science.html\">publications<\/a><\/p>\n<p>Diff\u00e9rents modes de prestation de service. Pas encore disponible. Cas; sites et publications connexes Pas encore disponible. Pratiques exemplaires d&rsquo;un service ax\u00e9 sur les citoyens<\/p>\n\n<table id=\"dlp_1e6ea974459836f2_1\" class=\"posts-data-table\" width=\"100%\" data-config=\"{&quot;pageLength&quot;:25,&quot;pagingType&quot;:&quot;numbers&quot;,&quot;serverSide&quot;:false,&quot;autoWidth&quot;:true,&quot;clickFilter&quot;:&quot;&quot;,&quot;stickyHeader&quot;:false,&quot;scrollOffset&quot;:15,&quot;resetButton&quot;:false,&quot;numOrder&quot;:false,&quot;lengthMenu&quot;:[[10,25,50,100,-1],[10,25,50,100,&quot;All&quot;]],&quot;columnDefs&quot;:[{&quot;className&quot;:&quot;col-title&quot;,&quot;targets&quot;:0,&quot;type&quot;:&quot;html&quot;},{&quot;className&quot;:&quot;col-doc_author&quot;,&quot;targets&quot;:1,&quot;type&quot;:&quot;html&quot;},{&quot;className&quot;:&quot;col-doc_categories&quot;,&quot;targets&quot;:2,&quot;type&quot;:&quot;html&quot;},{&quot;className&quot;:&quot;col-doc_tags&quot;,&quot;targets&quot;:3,&quot;type&quot;:&quot;html&quot;}],&quot;responsive&quot;:{&quot;details&quot;:{&quot;display&quot;:&quot;child_row&quot;}},&quot;language&quot;:{&quot;info&quot;:&quot;_TOTAL_ documents&quot;,&quot;infoEmpty&quot;:&quot;0 documents&quot;,&quot;emptyTable&quot;:&quot;Aucun documents correspondant.&quot;,&quot;zeroRecords&quot;:&quot;Aucun documents correspondant.&quot;,&quot;totalsSingle&quot;:&quot;document&quot;,&quot;totalsPlural&quot;:&quot;documents&quot;},&quot;dom&quot;:&quot;&lt;\\&quot;posts-table-wrapper kadence\\&quot;&lt;\\&quot;posts-table-above posts-table-controls\\&quot;p&gt;t&lt;\\&quot;posts-table-below posts-table-controls\\&quot;p&gt;&gt;&quot;,&quot;multiDownloadButton&quot;:false,&quot;multiDownloadPosition&quot;:&quot;above&quot;,&quot;multiDownloadText&quot;:&quot;Download Selected Documents&quot;}\" data-filters=\"false\" data-order='[[0, \"asc\"]]'><thead><tr><th class=\"all\" data-name=\"title\" data-orderable=\"true\" data-searchable=\"true\" data-priority=\"1\">Titre<\/th><th data-name=\"doc_author\" data-orderable=\"true\" data-searchable=\"true\" data-priority=\"10\">Auteur<\/th><th data-name=\"doc_categories\" data-orderable=\"true\" data-searchable=\"true\" data-priority=\"6\">Cat\u00e9gories<\/th><th data-name=\"doc_tags\" data-orderable=\"true\" data-searchable=\"true\" data-priority=\"10\">Balises<\/th><\/tr><\/thead><\/table>\n","protected":false},"excerpt":{"rendered":"<p>Si vous citez un article ou tout autre mat\u00e9riel publi\u00e9 par La Revue de l&rsquo;innovation, veuillez en aviser la r\u00e9dactrice en chef. Utilit\u00e9 d\u2019un r\u00e9f\u00e9rentiel de la qualit\u00e9 qui soit coh\u00e9rent avec la mission, par Yvon Legris, Centre de r\u00e9adaptation InterVal &#8211; Mauricie et Centre-du-Qu\u00e9bec (12\/17\/2009) Participation des citoyens et des citoyennes \u00e0 l&rsquo;\u00e9laboration des&#8230;<\/p>\n","protected":false},"author":2,"featured_media":0,"parent":9706,"menu_order":0,"comment_status":"closed","ping_status":"closed","template":"","meta":{"_kad_post_transparent":"","_kad_post_title":"","_kad_post_layout":"","_kad_post_sidebar_id":"","_kad_post_content_style":"","_kad_post_vertical_padding":"","_kad_post_feature":"","_kad_post_feature_position":"","_kad_post_header":false,"_kad_post_footer":false,"_kad_post_classname":"","footnotes":""},"class_list":["post-9727","page","type-page","status-publish","hentry"],"_links":{"self":[{"href":"https:\/\/innovation.cc\/fr\/wp-json\/wp\/v2\/pages\/9727","targetHints":{"allow":["GET"]}}],"collection":[{"href":"https:\/\/innovation.cc\/fr\/wp-json\/wp\/v2\/pages"}],"about":[{"href":"https:\/\/innovation.cc\/fr\/wp-json\/wp\/v2\/types\/page"}],"author":[{"embeddable":true,"href":"https:\/\/innovation.cc\/fr\/wp-json\/wp\/v2\/users\/2"}],"replies":[{"embeddable":true,"href":"https:\/\/innovation.cc\/fr\/wp-json\/wp\/v2\/comments?post=9727"}],"version-history":[{"count":7,"href":"https:\/\/innovation.cc\/fr\/wp-json\/wp\/v2\/pages\/9727\/revisions"}],"predecessor-version":[{"id":15534,"href":"https:\/\/innovation.cc\/fr\/wp-json\/wp\/v2\/pages\/9727\/revisions\/15534"}],"up":[{"embeddable":true,"href":"https:\/\/innovation.cc\/fr\/wp-json\/wp\/v2\/pages\/9706"}],"wp:attachment":[{"href":"https:\/\/innovation.cc\/fr\/wp-json\/wp\/v2\/media?parent=9727"}],"curies":[{"name":"wp","href":"https:\/\/api.w.org\/{rel}","templated":true}]}}