{"id":9719,"date":"2023-06-13T01:27:36","date_gmt":"2023-06-13T05:27:36","guid":{"rendered":"https:\/\/innovation.cc\/?page_id=9719"},"modified":"2023-06-27T09:15:23","modified_gmt":"2023-06-27T13:15:23","slug":"avis","status":"publish","type":"page","link":"https:\/\/innovation.cc\/fr\/avis\/","title":{"rendered":"Avis"},"content":{"rendered":"\n<p>Les opinions exprim\u00e9es dans <em>La revue de l&rsquo;innovation<\/em> ne sont pas n\u00e9cessairement celles des \u00e9diteurs ou des commanditaires.<\/p>\n\n\n\n<p>Les liens \u00e0 d&rsquo;autres sites n&rsquo;impliquent pas n\u00e9cessairement une approbation du contenu de l&rsquo;autre site web.<\/p>\n\n\n\n<p><em>La Revue de l&rsquo;innovation<\/em> est \u00a9 1995-2003 par Eleanor Glor. Veuillez <a href=\"https:\/\/innovation.cc\/fr\/contact\/\">nous contacter<\/a> avant de reproduire une partie de ce site web.<\/p>\n\n\n\n<p><\/p>\n","protected":false},"excerpt":{"rendered":"<p>Les opinions exprim\u00e9es dans La revue de l&rsquo;innovation ne sont pas n\u00e9cessairement celles des \u00e9diteurs ou des commanditaires. Les liens \u00e0 d&rsquo;autres sites n&rsquo;impliquent pas n\u00e9cessairement une approbation du contenu de l&rsquo;autre site web. La Revue de l&rsquo;innovation est \u00a9 1995-2003 par Eleanor Glor. Veuillez nous contacter avant de reproduire une partie de ce site&#8230;<\/p>\n","protected":false},"author":2,"featured_media":0,"parent":0,"menu_order":0,"comment_status":"closed","ping_status":"closed","template":"","meta":{"_kad_post_transparent":"","_kad_post_title":"","_kad_post_layout":"","_kad_post_sidebar_id":"","_kad_post_content_style":"","_kad_post_vertical_padding":"","_kad_post_feature":"","_kad_post_feature_position":"","_kad_post_header":false,"_kad_post_footer":false,"_kad_post_classname":"","footnotes":""},"class_list":["post-9719","page","type-page","status-publish","hentry"],"_links":{"self":[{"href":"https:\/\/innovation.cc\/fr\/wp-json\/wp\/v2\/pages\/9719","targetHints":{"allow":["GET"]}}],"collection":[{"href":"https:\/\/innovation.cc\/fr\/wp-json\/wp\/v2\/pages"}],"about":[{"href":"https:\/\/innovation.cc\/fr\/wp-json\/wp\/v2\/types\/page"}],"author":[{"embeddable":true,"href":"https:\/\/innovation.cc\/fr\/wp-json\/wp\/v2\/users\/2"}],"replies":[{"embeddable":true,"href":"https:\/\/innovation.cc\/fr\/wp-json\/wp\/v2\/comments?post=9719"}],"version-history":[{"count":2,"href":"https:\/\/innovation.cc\/fr\/wp-json\/wp\/v2\/pages\/9719\/revisions"}],"predecessor-version":[{"id":10125,"href":"https:\/\/innovation.cc\/fr\/wp-json\/wp\/v2\/pages\/9719\/revisions\/10125"}],"wp:attachment":[{"href":"https:\/\/innovation.cc\/fr\/wp-json\/wp\/v2\/media?parent=9719"}],"curies":[{"name":"wp","href":"https:\/\/api.w.org\/{rel}","templated":true}]}}