{"id":9712,"date":"2023-03-19T21:50:30","date_gmt":"2023-03-20T01:50:30","guid":{"rendered":"https:\/\/innovation.cc\/?page_id=9712"},"modified":"2023-07-24T23:45:55","modified_gmt":"2023-07-25T03:45:55","slug":"directives-editoriales","status":"publish","type":"page","link":"https:\/\/innovation.cc\/fr\/pour-les-auteurs\/directives-editoriales\/","title":{"rendered":"Directives \u00e9ditoriales"},"content":{"rendered":"\n<blockquote class=\"wp-block-quote is-layout-flow wp-block-quote-is-layout-flow\">\n<h4 class=\"wp-block-heading\"><a href=\"https:\/\/innovation.cc\/document\/instructions-aux-auteurs-pour-la-soumission-darticles\/\"><em>Disponible en format PDF<\/em><\/a><\/h4>\n\n\n\n<h4 class=\"wp-block-heading\"><a href=\"https:\/\/innovation.cc\/fr\/pour-les-auteurs\/directives-editoriales\/\">Instructions aux auteurs pour la soumission d&rsquo;article<\/a><\/h4>\n<\/blockquote>\n\n\n\n<p><strong>1. Les articles de nature universitaire doivent r\u00e9pondre aux standards disciplinaires pour \u00eatres publi\u00e9s et seront soumis \u00e0 un comit\u00e9 de lecture.<\/strong><\/p>\n\n\n\n<p>Ces articles doivent donc prendre position clairement par rapport \u00e0 la th\u00e9orie et aux connaissances ant\u00e9rieures en ce qui concerne le sujet \u00e0 l\u2019\u00e9tude, ce qui normalement se fait par l\u2019entremise d\u2019une revue de litt\u00e9rature. Les articles de nature universitaire doivent comprendre entre 2500 et 6500 mots.<\/p>\n\n\n\n<p><strong>2. Les documents de travail doivent comprendre entre 2500 et 5000 mots.<\/strong><\/p>\n\n\n\n<p>Ces documents se distinguent des articles de nature universitaire en ce qui concerne les sujets explor\u00e9s et la fa\u00e7on de les aborder. Les documents de travail couvrent des sujets neufs, d\u2019int\u00e9r\u00eats et peu analys\u00e9s dans le monde universitaire. Ils questionnent ce qui est pris pour acquis et veulent stimuler une r\u00e9action chez les lecteurs de la revue. Les auteurs de ces documents sont encourag\u00e9s \u00e0 suivre les m\u00eames indications que s\u2019ils soumettaient un article de nature universitaire. Les r\u00e9f\u00e9rences doivent \u00eatre indiqu\u00e9es clairement ainsi que toute autre lecture sugg\u00e9r\u00e9e.<\/p>\n\n\n\n<p>Dans certains cas, l\u2019auteur peut soumettre une analyse pr\u00e9liminaire, ce qui n\u2019emp\u00eache pas une publication \u00e9ventuelle dans une autre revue sous une autre forme.<\/p>\n\n\n\n<p><strong>3. L\u2019\u00e9tude de cas doit analyser un exemple d\u2019innovation dans le secteur public. Ces articles sont brefs (moins de 5 pages) et doivent emprunter le format suivant:<\/strong><\/p>\n\n\n\n<ol class=\"wp-block-list\">\n<li>a. origine de la probl\u00e9matique<\/li>\n\n\n\n<li>b. description<\/li>\n\n\n\n<li>c. risques et contraintes encourus<\/li>\n\n\n\n<li>d. le processus de r\u00e9solution suivi<\/li>\n\n\n\n<li>e. les b\u00e9n\u00e9fices acquis<\/li>\n\n\n\n<li>f. les le\u00e7ons apprises<\/li>\n\n\n\n<li>g. les perspectives d\u2019avenir<\/li>\n\n\n\n<li>h. qui contacter pour de l\u2019information suppl\u00e9mentaire.<\/li>\n\n\n\n<li>i. La soumission d\u2019un document \u00e0 la Revue de l\u2019innovation doit \u00eatre accompagn\u00e9e d\u2019un paiement de 100 $. Des frais suppl\u00e9mentaires de 900 $ seront requis si le document est approuv\u00e9 pour publication.<\/li>\n<\/ol>\n\n\n\n<p>Pour plus d\u2019information, veuillez vous r\u00e9f\u00e9rez aux indications pour articles de types \u00e9tude de cas sur notre site web.<\/p>\n\n\n\n<p><strong>4. Recension de publications<\/strong><\/p>\n\n\n\n<p>Nous employons l\u2019approche g\u00e9n\u00e9ralement accept\u00e9e pour les recensions de publications \u2013 c\u2019est-\u00e0-dire, une courte description du contenu du livre suivi d\u2019une \u00e9valuation plus longue. Ces deux t\u00e2ches ne sont pas toujours s\u00e9par\u00e9es, mais il est n\u00e9cessaire d\u2019\u00e9valuer le livre et non seulement d\u2019en faire un r\u00e9sum\u00e9.<\/p>\n\n\n\n<p><strong>5. Indications plus pr\u00e9cises pour les recensions de publications<\/strong><\/p>\n\n\n\n<ol class=\"wp-block-list\">\n<li>a. Les recensions doivent comprendre entre 750 et 1200 mots \u00e0 moins que vous n\u2019\u00e9criviez un essai analytique, qui devrait alors compter de 1500 \u00e0 2000 mots.<\/li>\n\n\n\n<li>b. Les informations habituelles de r\u00e9f\u00e9rence servent de titre \u00e0 la recension:\n<ul class=\"wp-block-list\">\n<li>Nom de l\u2019auteur\/\u00e9diteur.<\/li>\n\n\n\n<li>Titre du livre (en italique), l\u2019\u00e9dition (si cela s\u2019applique).<\/li>\n\n\n\n<li>Le lieu de publication, la maison d\u2019\u00e9dition, la date de publication.<\/li>\n<\/ul>\n<\/li>\n\n\n\n<li>c. Votre nom appara\u00eet au haut de la recension, juste sous l\u2019information concernant le livre.<\/li>\n\n\n\n<li>d. Une courte notice biographique, faisant par exemple r\u00e9f\u00e9rence \u00e0 votre affiliation professionnelle est au bas de la recension ainsi que votre adresse \u00e9lectronique (optionnelle).<\/li>\n\n\n\n<li>e. Pour soumettre, envoyez un message email, avec la recension en pi\u00e8ce jointe, \u00e0 l\u2019\u00e9ditrice en chef.<\/li>\n<\/ol>\n\n\n\n<p><strong>6. La revue de l\u2019innovation est int\u00e9ress\u00e9e \u00e0 recevoir tout article traitant de l\u2019innovation dans le secteur public incluant et de fa\u00e7on non-exhaustive les sujets suivants&nbsp;: la cr\u00e9ativit\u00e9, la gestion en p\u00e9riode de changement, strat\u00e9gies, tactiques, d\u00e9finitions, processus, approches \u00e0 l\u2019innovation et les th\u00e9ories de l\u2019innovation, ainsi que les th\u00e9ories de diss\u00e9mination de l\u2019innovation. Nous acceptons des soumissions d\u2019articles traitant des diff\u00e9rentes formes de partenariats, de la livraison de service ax\u00e9 sur le citoyen, la restructuration, l\u2019autonomisation, etc.<\/strong><\/p>\n\n\n\n<p><strong>7. Format<\/strong><\/p>\n\n\n\n<ol class=\"wp-block-list\">\n<li>a. Les textes doivent \u00eatres en Times New Roman 12-point, utilisant le programme WordPerfect 10 si possible, sinon en MS Word. Pour soumettre, envoyez un message email, avec l\u2019article en pi\u00e8ce jointe, \u00e0 l\u2019\u00e9ditrice en chef.<\/li>\n\n\n\n<li>b. Veuillez identifier quelques mots clefs afin que votre article puisse \u00eatre index\u00e9.<\/li>\n\n\n\n<li>c. Veuillez utiliser le moins d\u2019annotations possibles, si vous devez en utiliser, veuillez les placer \u00e0 la fin du document.<\/li>\n\n\n\n<li>d. Les r\u00e9f\u00e9rences dans le texte doivent \u00eatres plac\u00e9es entre parenth\u00e8se, suivant la formule nom de famille de l\u2019auteur, date de publication et le num\u00e9ro de la page, par exemple: (Kroeker, 1996, p. 126). Les r\u00e9f\u00e9rences compl\u00e8tes doivent \u00eatre plac\u00e9es \u00e0 la fin du document, en ordre alphab\u00e9tique selon le nom de famille de l\u2019auteur. Les r\u00e9f\u00e9rences bibliographiques se font de la mani\u00e8re suivante (Veuillez consulter le Chicago Manual of Style pour plus d\u2019information.):\n<ul class=\"wp-block-list\">\n<li>Holt, S. L. and H. Ribe. 1994. Developing Financial Institutions for the Poor and Reducing Barriers to Access for Women. Washington, D.C.: World Bank<\/li>\n\n\n\n<li>Kroeker, C. J. 1996. \u00ab\u00a0The cooperative movement in Nicarauga: empowerment and accomplishment of severely disadvantaged peasants\u00a0\u00bb. Journal of Social Issues, 52(1), 123-138<\/li>\n<\/ul>\n<\/li>\n<\/ol>\n\n\n\n<p><strong>8. La Revue de l\u2019innovation exige l\u2019exclusivit\u00e9 des soumissions re\u00e7ues. <\/strong><\/p>\n\n\n\n<p>En soumettant, les auteurs doivent confirmer que leur contribution n\u2019a pas d\u00e9j\u00e0 \u00e9t\u00e9 publi\u00e9e, qu&rsquo;elle n\u2019a pas \u00e9t\u00e9 accept\u00e9e pour publication ou qu&rsquo;elle n\u2019est pas pr\u00e9sentement sous \u00e9valuation par une autre revue. Les auteurs s&rsquo;engagent \u00e0 ne pas soumettre \u00e0 une autre revue durant l&rsquo;\u00e9valuation de leur manuscrits.<\/p>\n\n\n\n<p><strong>9. Les auteurs doivent signer un formulaire de renonciation des droits d\u2019auteur. <\/strong><\/p>\n\n\n\n<p>Aucun article ne sera publi\u00e9 avant que ce formulaire ne soit re\u00e7u sign\u00e9 par la Revue de l\u2019innovation. Les auteurs peuvent reproduire leur article sans une permission \u00e9crite. En toute autre circonstance, une permission \u00e9crite doit \u00eatre obtenue pour reproduire un ou des articles parus dans la Revue de l\u2019innovation.<\/p>\n\n\n\n<p><\/p>\n\n\n\n<blockquote class=\"wp-block-quote is-layout-flow wp-block-quote-is-layout-flow\">\n<h5 class=\"wp-block-heading\"><a href=\"https:\/\/innovation.cc\/document\/instructions-aux-auteurs-pour-la-soumission-darticles\/\"><em>Disponible en format PDF<\/em><\/a><\/h5>\n<\/blockquote>\n\n\n\n<p id=\"lastupdated\">Updated December 14, 2007 <strong><em>(04\/11\/2008)<\/em><\/strong><\/p>\n","protected":false},"excerpt":{"rendered":"<p>Disponible en format PDF Instructions aux auteurs pour la soumission d&rsquo;article 1. Les articles de nature universitaire doivent r\u00e9pondre aux standards disciplinaires pour \u00eatres publi\u00e9s et seront soumis \u00e0 un comit\u00e9 de lecture. Ces articles doivent donc prendre position clairement par rapport \u00e0 la th\u00e9orie et aux connaissances ant\u00e9rieures en ce qui concerne le sujet&#8230;<\/p>\n","protected":false},"author":2,"featured_media":0,"parent":9710,"menu_order":0,"comment_status":"closed","ping_status":"closed","template":"","meta":{"_kad_post_transparent":"","_kad_post_title":"","_kad_post_layout":"","_kad_post_sidebar_id":"","_kad_post_content_style":"","_kad_post_vertical_padding":"","_kad_post_feature":"","_kad_post_feature_position":"","_kad_post_header":false,"_kad_post_footer":false,"_kad_post_classname":"","footnotes":""},"class_list":["post-9712","page","type-page","status-publish","hentry"],"_links":{"self":[{"href":"https:\/\/innovation.cc\/fr\/wp-json\/wp\/v2\/pages\/9712","targetHints":{"allow":["GET"]}}],"collection":[{"href":"https:\/\/innovation.cc\/fr\/wp-json\/wp\/v2\/pages"}],"about":[{"href":"https:\/\/innovation.cc\/fr\/wp-json\/wp\/v2\/types\/page"}],"author":[{"embeddable":true,"href":"https:\/\/innovation.cc\/fr\/wp-json\/wp\/v2\/users\/2"}],"replies":[{"embeddable":true,"href":"https:\/\/innovation.cc\/fr\/wp-json\/wp\/v2\/comments?post=9712"}],"version-history":[{"count":5,"href":"https:\/\/innovation.cc\/fr\/wp-json\/wp\/v2\/pages\/9712\/revisions"}],"predecessor-version":[{"id":15158,"href":"https:\/\/innovation.cc\/fr\/wp-json\/wp\/v2\/pages\/9712\/revisions\/15158"}],"up":[{"embeddable":true,"href":"https:\/\/innovation.cc\/fr\/wp-json\/wp\/v2\/pages\/9710"}],"wp:attachment":[{"href":"https:\/\/innovation.cc\/fr\/wp-json\/wp\/v2\/media?parent=9712"}],"curies":[{"name":"wp","href":"https:\/\/api.w.org\/{rel}","templated":true}]}}