{"id":9702,"date":"2023-05-31T03:57:34","date_gmt":"2023-05-31T07:57:34","guid":{"rendered":"https:\/\/innovation.cc\/?page_id=9702"},"modified":"2023-07-23T01:22:06","modified_gmt":"2023-07-23T05:22:06","slug":"recensions","status":"publish","type":"page","link":"https:\/\/innovation.cc\/fr\/bibliotheque-des-documents\/recensions\/","title":{"rendered":"Recensions"},"content":{"rendered":"<p><a href=\"https:\/\/innovation.cc\/document\/2013-18-2-9-ladministration-contemporaine-de-letat-une-perspective-canadienne-et-quebecoise-par-pierre-p-tremblay-dir\/\">Pierre P. Tremblay (dir.), L\u2019administration contemporaine de l\u2019\u00c9tat<\/a>: une perspective canadienne et qu\u00e9b\u00e9coise, revis\u00e9 par Ian Roberge, \u00c9diteur adjoint, La Revue de l\u2019innovation et Professeur agr\u00e9g\u00e9, l\u2019Universit\u00e9 York, Toronto.  (09\/12\/2013)<\/p>\n<p><a href=\"https:\/\/innovation.cc\/document\/2010-15-2-17-les-sentinelles-de-largent-sale-les-banques-aux-prises-avec-lantiblanchiment-par-gilles-favarel-garrigues-thierry-godefroy-et-pierre-lascoumes\/\">Les sentinelles de l\u2019argent sale&nbsp;:<\/a> les banques aux prises avec l\u2019antiblanchiment , par Gilles Favarel-Garrigues, Thierry Godefroy et Pierre Lascoumes, (08\/30\/2010)<\/p>\n<p><a href=\"https:\/\/innovation.cc\/document\/2009-14-2-11-linnovation-une-affaire-detat-gagnants-et-perdants-de-la-troisieme-revolution-industrielle-par-claude-rochet\/\">L\u2019Innovation une affaire d\u2019\u00e9tat:<\/a> gagnants et perdants de la troisi\u00e8me r\u00e9volution industrielle, par Claude Rochet, recension par Ian Roberge, Coll\u00e8ge Glendon, Universit\u00e9 York, Toronto, Canada. (04\/11\/2009)<\/p>\n<p><a href=\"https:\/\/innovation.cc\/document\/1997-02-2-3f-policy-innovation-in-saskachewan-by-eleanor-glor-en-francais\/\">Policy Innovation in Saskachewan<\/a> (French) by Eleanor Glor, Reviewed by Howard A. Doughty (1\/08\/1997)<\/p>\n\n<table id=\"dlp_f75094de802c8111_1\" class=\"posts-data-table\" width=\"100%\" data-config=\"{&quot;pageLength&quot;:25,&quot;pagingType&quot;:&quot;numbers&quot;,&quot;serverSide&quot;:false,&quot;autoWidth&quot;:true,&quot;clickFilter&quot;:&quot;&quot;,&quot;stickyHeader&quot;:false,&quot;scrollOffset&quot;:15,&quot;resetButton&quot;:false,&quot;numOrder&quot;:false,&quot;lengthMenu&quot;:[[10,25,50,100,-1],[10,25,50,100,&quot;All&quot;]],&quot;columnDefs&quot;:[{&quot;className&quot;:&quot;col-title&quot;,&quot;targets&quot;:0,&quot;type&quot;:&quot;html&quot;},{&quot;className&quot;:&quot;col-doc_author&quot;,&quot;targets&quot;:1,&quot;type&quot;:&quot;html&quot;},{&quot;className&quot;:&quot;col-doc_categories&quot;,&quot;targets&quot;:2,&quot;type&quot;:&quot;html&quot;},{&quot;className&quot;:&quot;col-doc_tags&quot;,&quot;targets&quot;:3,&quot;type&quot;:&quot;html&quot;}],&quot;responsive&quot;:{&quot;details&quot;:{&quot;display&quot;:&quot;child_row&quot;}},&quot;language&quot;:{&quot;info&quot;:&quot;_TOTAL_ documents&quot;,&quot;infoEmpty&quot;:&quot;0 documents&quot;,&quot;emptyTable&quot;:&quot;Aucun documents correspondant.&quot;,&quot;zeroRecords&quot;:&quot;Aucun documents correspondant.&quot;,&quot;totalsSingle&quot;:&quot;document&quot;,&quot;totalsPlural&quot;:&quot;documents&quot;},&quot;dom&quot;:&quot;&lt;\\&quot;posts-table-wrapper kadence\\&quot;&lt;\\&quot;posts-table-above posts-table-controls\\&quot;p&gt;t&lt;\\&quot;posts-table-below posts-table-controls\\&quot;p&gt;&gt;&quot;,&quot;multiDownloadButton&quot;:false,&quot;multiDownloadPosition&quot;:&quot;above&quot;,&quot;multiDownloadText&quot;:&quot;Download Selected Documents&quot;}\" data-filters=\"false\" data-order='[[0, \"asc\"]]'><thead><tr><th class=\"all\" data-name=\"title\" data-orderable=\"true\" data-searchable=\"true\" data-priority=\"1\">Titre<\/th><th data-name=\"doc_author\" data-orderable=\"true\" data-searchable=\"true\" data-priority=\"10\">Auteur<\/th><th data-name=\"doc_categories\" data-orderable=\"true\" data-searchable=\"true\" data-priority=\"6\">Cat\u00e9gories<\/th><th data-name=\"doc_tags\" data-orderable=\"true\" data-searchable=\"true\" data-priority=\"10\">Balises<\/th><\/tr><\/thead><\/table>\n","protected":false},"excerpt":{"rendered":"<p>Pierre P. Tremblay (dir.), L\u2019administration contemporaine de l\u2019\u00c9tat: une perspective canadienne et qu\u00e9b\u00e9coise, revis\u00e9 par Ian Roberge, \u00c9diteur adjoint, La Revue de l\u2019innovation et Professeur agr\u00e9g\u00e9, l\u2019Universit\u00e9 York, Toronto. (09\/12\/2013) Les sentinelles de l\u2019argent sale&nbsp;: les banques aux prises avec l\u2019antiblanchiment , par Gilles Favarel-Garrigues, Thierry Godefroy et Pierre Lascoumes, (08\/30\/2010) L\u2019Innovation une affaire d\u2019\u00e9tat:&#8230;<\/p>\n","protected":false},"author":2,"featured_media":0,"parent":9706,"menu_order":0,"comment_status":"closed","ping_status":"closed","template":"","meta":{"_kad_post_transparent":"","_kad_post_title":"","_kad_post_layout":"","_kad_post_sidebar_id":"","_kad_post_content_style":"","_kad_post_vertical_padding":"","_kad_post_feature":"","_kad_post_feature_position":"","_kad_post_header":false,"_kad_post_footer":false,"_kad_post_classname":"","footnotes":""},"class_list":["post-9702","page","type-page","status-publish","hentry"],"_links":{"self":[{"href":"https:\/\/innovation.cc\/fr\/wp-json\/wp\/v2\/pages\/9702","targetHints":{"allow":["GET"]}}],"collection":[{"href":"https:\/\/innovation.cc\/fr\/wp-json\/wp\/v2\/pages"}],"about":[{"href":"https:\/\/innovation.cc\/fr\/wp-json\/wp\/v2\/types\/page"}],"author":[{"embeddable":true,"href":"https:\/\/innovation.cc\/fr\/wp-json\/wp\/v2\/users\/2"}],"replies":[{"embeddable":true,"href":"https:\/\/innovation.cc\/fr\/wp-json\/wp\/v2\/comments?post=9702"}],"version-history":[{"count":6,"href":"https:\/\/innovation.cc\/fr\/wp-json\/wp\/v2\/pages\/9702\/revisions"}],"predecessor-version":[{"id":14429,"href":"https:\/\/innovation.cc\/fr\/wp-json\/wp\/v2\/pages\/9702\/revisions\/14429"}],"up":[{"embeddable":true,"href":"https:\/\/innovation.cc\/fr\/wp-json\/wp\/v2\/pages\/9706"}],"wp:attachment":[{"href":"https:\/\/innovation.cc\/fr\/wp-json\/wp\/v2\/media?parent=9702"}],"curies":[{"name":"wp","href":"https:\/\/api.w.org\/{rel}","templated":true}]}}