{"id":9580,"date":"2023-05-31T03:57:12","date_gmt":"2023-05-31T07:57:12","guid":{"rendered":"https:\/\/innovation.cc\/?page_id=9580"},"modified":"2025-10-24T22:15:31","modified_gmt":"2025-10-25T02:15:31","slug":"documents-pour-discussion","status":"publish","type":"page","link":"https:\/\/innovation.cc\/fr\/bibliotheque-des-documents\/documents-pour-discussion\/","title":{"rendered":"Documents pour discussion"},"content":{"rendered":"\n<p>Si vous citez un article ou tout autre mat\u00e9riel publi\u00e9 par <em>La Revue de l&rsquo;innovation<\/em>, veuillez en aviser <a href=\"mailto:eglor@magma.ca\">la r\u00e9dactrice en chef<\/a>.<\/p>\n\n\n\n<p><a href=\"https:\/\/innovation.cc\/document\/2012-17-3-7-de-lobjet-aux-valeurs-communes-quel-principe-pour-la-coordination-des-acteurs-dans-les-ppp-agissant-dans-le-domaine-de-laide-a-la-sante\/\">De l&rsquo;objet aux valeurs communes:<\/a> quel principe pour la coordination des acteurs dans les PPP agissant dans le domaine de l\u2019aide \u00e0 la sant\u00e9 ? par Mamadou I Barry (24\/12\/2012)<\/p>\n\n\n\n<p><a href=\"https:\/\/innovation.cc\/document\/2009-14-3-9-des-partenariats-universite-entreprise-un-ingredient-essentiel-a-la-qualite-de-la-formation-continue-quelques-elements-de-reflexion-pour-laction\/\">Des partenariats universit\u00e9-entreprise<\/a> : un ingr\u00e9dient essentiel \u00e0 la qualit\u00e9 de la formation continue ? Quelques \u00e9l\u00e9ments de r\u00e9flexion pour l\u2019action, Michel Boisclair, \u00c9cole nationale d\u2019administration publique (12\/17\/2009)<\/p>\n\n\n\n<p><a href=\"https:\/\/innovation.cc\/document\/2005-10-2-6-innovation-et-partenariat-entreprise-universite-en-algerie-quel-rapprochement\/\">Innovation et partenariat Entreprise-Universit\u00e9 en Alg\u00e9rie, quel rapprochement<\/a> ? Filali Boumediene Facult\u00e9 des Sciences Economiques, Universit\u00e9 Djillali Liabes &#8211; Sidi.Bel.Abbes, Alg\u00e9rie (7\/11\/2005)<\/p>\n\n\n\n<p><a href=\"https:\/\/innovation.cc\/document\/2004-09-2-11-la-collaboration-scientifique-entre-le-gouvernement-et-le-secteur-industriel-reflexion-de-type-point-de-vue-sur-le-partage-de-droits-de-propriete-intellectuelle-dans-le-cadre-dentent\/\">La collaboration scientifique entre le gouvernement et le secteur industriel<\/a>: R\u00e9flexion de type point de vue sur le partage de droits de propri\u00e9t\u00e9 intellectuelle dans le cadre d&rsquo;Ententes de recherche en collaboration entre le gouvernement f\u00e9d\u00e9ral et le secteur priv\u00e9, par Steve Bittner (24\/03\/2004)<\/p>\n\n\n\n<p><a href=\"https:\/\/innovation.cc\/document\/2003-08-4-7-vers-une-nouvelle-relation-strategie-systeme-dinformation\/\">Vers une nouvelle relation<\/a>: strat\u00e9gie\/syst\u00e8me d&rsquo;information, par Mohamed Jaouad El Qasmi et Abdelaziz Kriouile, (12\/09\/2003)<\/p>\n\n\n\n<p><strong>Innovation et prise de risques<\/strong><\/p>\n\n\n\n<p>Le 6 octobre 1998, le Forum des politiques publiques a organis\u00e9 un atelier pour le Bureau du v\u00e9rificateur g\u00e9n\u00e9ral du Canada au sujet de l\u0092innovation et de la prise de risques au gouvernement du Canada. Quatre documents \u00e9taient pr\u00e9par\u00e9s pour l\u0092atelier:<\/p>\n\n\n\n<ul class=\"wp-block-list\">\n<li><a href=\"https:\/\/innovation.cc\/document\/1999-04-2-5f-innovation-et-prise-de-risques-une-perspective-dindustrie-canada\/\">Innovation et prise de risques: Une perspective d&rsquo;Industrie Canada<\/a>, par Kevin G. Lynch, sous-ministre, Industrie Canada<\/li>\n\n\n\n<li><a href=\"https:\/\/innovation.cc\/document\/1999-04-2-6f-innovation-et-prise-de-risque-dans-ladministration-federale-le-role-et-la-perspective-du-bureau-du-verificateur-general-du-canada\/\">Le r\u00f4le et la perspective du Bureau du v\u00e9rificateur g\u00e9n\u00e9ral du Canada<\/a><\/li>\n\n\n\n<li><a href=\"https:\/\/innovation.cc\/document\/1999-04-2-4-innovation-in-the-federal-government-the-risk-not-taken\/\">Innovation au gouvernement du Canada: Les risques ne sont pas pris<\/a> (en anglais seulement)<\/li>\n\n\n\n<li><a href=\"https:\/\/innovation.cc\/document\/1999-04-2-3-a-report-on-reflections-and-discussions\/\">Un sommaire des discussions du Forum des politiques publiques<\/a> (en anglais seulement)<\/li>\n<\/ul>\n\n\n\n<p>Pour plus d\u0092information, consultez le page d&rsquo;accueil du Forum des politiques publiques \u00e0: http:\/\/ppforum.com\/<\/p>\n\n\n\n<p><a href=\"https:\/\/innovation.cc\/document\/1997-02-2-3f-policy-innovation-in-saskachewan-by-eleanor-glor-en-francais\/\">Policy Innovation in Saskachewan<\/a>, Compte rendu de Howard A. Doughty, 24 mars 1997<\/p>\n\n\n\n<p><a href=\"https:\/\/innovation.cc\/document\/1997-02-1-1f-quest-ce-que-linnovation-dans-la-fonction-publique\/\">Qu&rsquo;est-ce que l&rsquo;innovation dans la fonction publique?<\/a> , Eleanor Glor, 7 janvier 1997<\/p>\n\n\n\n<p><a href=\"https:\/\/innovation.cc\/document\/linnovation-dans-les-ressources-humaines-a-sante-canada\/\">L&rsquo;innovation dans les ressources humaines \u00e0 Sant\u00e9 Canada<\/a>, Anne-Marie Giannetti, 21 novembre 1996<\/p>\n\n\n\n<p><a href=\"https:\/\/innovation.cc\/document\/1996-01-3-2f-une-formule-pour-linnovation-dans-le-gouvernement\/\">Une formule pour l&rsquo;innovation dans le gouvernement<\/a>, Danny Lyonnais et Diane Houle-Rutherford, 12 novembre 1996<\/p>\n\n\n\n<p><a href=\"https:\/\/innovation.cc\/document\/1996-01-3-1f-innovation-a-revenu-canada\/\">Innovation \u00e0 Revenu Canada<\/a>, Pierre Gravelle, 3 septembre 1996<\/p>\n\n\n\n<p>Qui a dit cela?, Jean-Pierre Leduc, 2 ao\u00fbt 1996<\/p>\n\n\n\n<p><a href=\"https:\/\/innovation.cc\/document\/1996-01-2-3-pour-faire-de-linnovation-un-mode-de-vie\/\">Pour faire de l&rsquo;innovation un mode de vie<\/a>, Claire Morris, 15 juillet 1996<\/p>\n\n\n\n<p><a href=\"https:\/\/innovation.cc\/document\/1996-01-2-1f-inventions-sociales\/\">Inventions sociales<\/a>, Stu Conger, 27 juin 1996<\/p>\n\n\n\n<p><a href=\"https:\/\/innovation.cc\/document\/1996-01-2-2-the-politics-of-innovation-innovation-et-politique\/\">The Politics of Innovation\/Innovation et politique<\/a>, Adresse par J. Iain Gow, 5 juin 1996<\/p>\n\n\n<table id=\"dlp_b92598c7ce20e1c4_1\" class=\"posts-data-table\" width=\"100%\" data-config=\"{&quot;pageLength&quot;:25,&quot;pagingType&quot;:&quot;numbers&quot;,&quot;serverSide&quot;:false,&quot;autoWidth&quot;:true,&quot;clickFilter&quot;:&quot;&quot;,&quot;stickyHeader&quot;:false,&quot;scrollOffset&quot;:15,&quot;resetButton&quot;:false,&quot;numOrder&quot;:false,&quot;lengthMenu&quot;:[[10,25,50,100,-1],[10,25,50,100,&quot;All&quot;]],&quot;columnDefs&quot;:[{&quot;className&quot;:&quot;col-title&quot;,&quot;targets&quot;:0,&quot;type&quot;:&quot;html&quot;},{&quot;className&quot;:&quot;col-doc_author&quot;,&quot;targets&quot;:1,&quot;type&quot;:&quot;html&quot;},{&quot;className&quot;:&quot;col-doc_categories&quot;,&quot;targets&quot;:2,&quot;type&quot;:&quot;html&quot;},{&quot;className&quot;:&quot;col-doc_tags&quot;,&quot;targets&quot;:3,&quot;type&quot;:&quot;html&quot;}],&quot;responsive&quot;:{&quot;details&quot;:{&quot;display&quot;:&quot;child_row&quot;}},&quot;language&quot;:{&quot;info&quot;:&quot;_TOTAL_ documents&quot;,&quot;infoEmpty&quot;:&quot;0 documents&quot;,&quot;emptyTable&quot;:&quot;Aucun documents correspondant.&quot;,&quot;zeroRecords&quot;:&quot;Aucun documents correspondant.&quot;,&quot;totalsSingle&quot;:&quot;document&quot;,&quot;totalsPlural&quot;:&quot;documents&quot;},&quot;dom&quot;:&quot;&lt;\\&quot;posts-table-wrapper kadence\\&quot;&lt;\\&quot;posts-table-above posts-table-controls\\&quot;p&gt;t&lt;\\&quot;posts-table-below posts-table-controls\\&quot;p&gt;&gt;&quot;,&quot;multiDownloadButton&quot;:false,&quot;multiDownloadPosition&quot;:&quot;above&quot;,&quot;multiDownloadText&quot;:&quot;Download Selected Documents&quot;}\" data-filters=\"false\" data-order='[[0, \"asc\"]]'><thead><tr><th class=\"all\" data-name=\"title\" data-orderable=\"true\" data-searchable=\"true\" data-priority=\"1\">Titre<\/th><th data-name=\"doc_author\" data-orderable=\"true\" data-searchable=\"true\" data-priority=\"10\">Auteur<\/th><th data-name=\"doc_categories\" data-orderable=\"true\" data-searchable=\"true\" data-priority=\"6\">Cat\u00e9gories<\/th><th data-name=\"doc_tags\" data-orderable=\"true\" data-searchable=\"true\" data-priority=\"10\">Balises<\/th><\/tr><\/thead><\/table>\n","protected":false},"excerpt":{"rendered":"<p>Si vous citez un article ou tout autre mat\u00e9riel publi\u00e9 par La Revue de l&rsquo;innovation, veuillez en aviser la r\u00e9dactrice en chef. De l&rsquo;objet aux valeurs communes: quel principe pour la coordination des acteurs dans les PPP agissant dans le domaine de l\u2019aide \u00e0 la sant\u00e9 ? par Mamadou I Barry (24\/12\/2012) Des partenariats universit\u00e9-entreprise&#8230;<\/p>\n","protected":false},"author":2,"featured_media":0,"parent":9706,"menu_order":0,"comment_status":"closed","ping_status":"closed","template":"","meta":{"_kad_post_transparent":"","_kad_post_title":"","_kad_post_layout":"","_kad_post_sidebar_id":"","_kad_post_content_style":"","_kad_post_vertical_padding":"","_kad_post_feature":"","_kad_post_feature_position":"","_kad_post_header":false,"_kad_post_footer":false,"_kad_post_classname":"","footnotes":""},"class_list":["post-9580","page","type-page","status-publish","hentry"],"_links":{"self":[{"href":"https:\/\/innovation.cc\/fr\/wp-json\/wp\/v2\/pages\/9580","targetHints":{"allow":["GET"]}}],"collection":[{"href":"https:\/\/innovation.cc\/fr\/wp-json\/wp\/v2\/pages"}],"about":[{"href":"https:\/\/innovation.cc\/fr\/wp-json\/wp\/v2\/types\/page"}],"author":[{"embeddable":true,"href":"https:\/\/innovation.cc\/fr\/wp-json\/wp\/v2\/users\/2"}],"replies":[{"embeddable":true,"href":"https:\/\/innovation.cc\/fr\/wp-json\/wp\/v2\/comments?post=9580"}],"version-history":[{"count":34,"href":"https:\/\/innovation.cc\/fr\/wp-json\/wp\/v2\/pages\/9580\/revisions"}],"predecessor-version":[{"id":15993,"href":"https:\/\/innovation.cc\/fr\/wp-json\/wp\/v2\/pages\/9580\/revisions\/15993"}],"up":[{"embeddable":true,"href":"https:\/\/innovation.cc\/fr\/wp-json\/wp\/v2\/pages\/9706"}],"wp:attachment":[{"href":"https:\/\/innovation.cc\/fr\/wp-json\/wp\/v2\/media?parent=9580"}],"curies":[{"name":"wp","href":"https:\/\/api.w.org\/{rel}","templated":true}]}}