{"id":9573,"date":"2023-06-24T00:42:16","date_gmt":"2023-06-24T04:42:16","guid":{"rendered":"https:\/\/innovation.cc\/?page_id=9573"},"modified":"2023-06-24T23:17:05","modified_gmt":"2023-06-25T03:17:05","slug":"code-dethique","status":"publish","type":"page","link":"https:\/\/innovation.cc\/fr\/pour-les-auteurs\/code-dethique\/","title":{"rendered":"Code d&rsquo;\u00e9thique"},"content":{"rendered":"<div id=\"content\"><!-- InstanceBeginEditable name=\"TIJContent\" --><a href=\"https:\/\/innovation.cc\/for-authors\/tij-publication-ethics-statement\/\">Code d&rsquo;\u00e9thique<\/a> (in English)<\/p>\n<\/div>\n<div><\/div>\n<div id=\"lastupdated\">Derni\u00e8re mise \u00e0 jour : 25 Avril 2023<\/div>\n","protected":false},"excerpt":{"rendered":"<p>Code d&rsquo;\u00e9thique (in English) Derni\u00e8re mise \u00e0 jour : 25 Avril 2023<\/p>\n","protected":false},"author":2,"featured_media":0,"parent":9710,"menu_order":0,"comment_status":"closed","ping_status":"closed","template":"","meta":{"_kad_post_transparent":"","_kad_post_title":"","_kad_post_layout":"","_kad_post_sidebar_id":"","_kad_post_content_style":"","_kad_post_vertical_padding":"","_kad_post_feature":"","_kad_post_feature_position":"","_kad_post_header":false,"_kad_post_footer":false,"_kad_post_classname":"","footnotes":""},"class_list":["post-9573","page","type-page","status-publish","hentry"],"_links":{"self":[{"href":"https:\/\/innovation.cc\/fr\/wp-json\/wp\/v2\/pages\/9573","targetHints":{"allow":["GET"]}}],"collection":[{"href":"https:\/\/innovation.cc\/fr\/wp-json\/wp\/v2\/pages"}],"about":[{"href":"https:\/\/innovation.cc\/fr\/wp-json\/wp\/v2\/types\/page"}],"author":[{"embeddable":true,"href":"https:\/\/innovation.cc\/fr\/wp-json\/wp\/v2\/users\/2"}],"replies":[{"embeddable":true,"href":"https:\/\/innovation.cc\/fr\/wp-json\/wp\/v2\/comments?post=9573"}],"version-history":[{"count":3,"href":"https:\/\/innovation.cc\/fr\/wp-json\/wp\/v2\/pages\/9573\/revisions"}],"predecessor-version":[{"id":9699,"href":"https:\/\/innovation.cc\/fr\/wp-json\/wp\/v2\/pages\/9573\/revisions\/9699"}],"up":[{"embeddable":true,"href":"https:\/\/innovation.cc\/fr\/wp-json\/wp\/v2\/pages\/9710"}],"wp:attachment":[{"href":"https:\/\/innovation.cc\/fr\/wp-json\/wp\/v2\/media?parent=9573"}],"curies":[{"name":"wp","href":"https:\/\/api.w.org\/{rel}","templated":true}]}}