{"id":9566,"date":"2023-03-19T21:54:45","date_gmt":"2023-03-20T01:54:45","guid":{"rendered":"https:\/\/innovation.cc\/?page_id=9566"},"modified":"2023-06-24T00:40:34","modified_gmt":"2023-06-24T04:40:34","slug":"dons-et-frais-de-publication","status":"publish","type":"page","link":"https:\/\/innovation.cc\/fr\/dons-et-frais-de-publication\/","title":{"rendered":"Dons et paiement de frais"},"content":{"rendered":"<p>La Revue de l&rsquo;innovation a besoin du soutien de tous ses lecteurs afin de survivre et de continuer \u00e0 offrir ses services dans un contexte \u00e9conomique hostile. Nous vous remercions d&rsquo;avance de votre appui.<\/p>\n<p>Veuillez svp cliquer sur le lien &lsquo;Faire un don&rsquo; ci-dessous pour nous faire parvenir vos dons et paiements de frais.<\/p>\n\n\n<div style=\"text-align:center\"><form action=\"https:\/\/www.paypal.com\/cgi-bin\/webscr\" method=\"post\">\n<input type=\"hidden\" name=\"cmd\" value=\"_s-xclick\">\n<input type=\"hidden\" name=\"hosted_button_id\" value=\"B4XZMJAKYHFJ2\">\n<input type=\"image\" src=\"https:\/\/www.paypalobjects.com\/fr_CA\/i\/btn\/btn_donateCC_LG.gif\" border=\"0\" name=\"submit\" alt=\"PayPal - la solution de paiement en ligne la plus simple et la plus s\u00e9curis\u00e9e !\">\n<img loading=\"lazy\" decoding=\"async\" alt=\"\" border=\"0\" src=\"https:\/\/www.paypalobjects.com\/en_US\/i\/scr\/pixel.gif\" width=\"1\" height=\"1\">\n<\/form>\n<\/div>\n\n\n<p>Vous pouvez appuyer nos efforts en effectuant un don en ligne par l&rsquo;entremise de votre compte PayPal ou sur le site de Paypal avec votre carte de cr\u00e9dit.<\/p>\n<p>*RAPPEL&nbsp;: Il vous vous est possible de choisir de souscrire \u00e0 un don mensuel automatique. Choisissiez l&rsquo;option qui vous convient le mieux.<\/p>\n\n\n<div style=\"text-align:center\">\n\t\t\t<form action=\"https:\/\/www.paypal.com\/cgi-bin\/webscr\" method=\"post\">\n<input type=\"hidden\" name=\"cmd\" value=\"_s-xclick\">\n<input type=\"hidden\" name=\"hosted_button_id\" value=\"M23JWJ7DY59PJ\">\n<table>\n<tr><td><input type=\"hidden\" name=\"on0\" value=\"Choisissez le montant du don mensuel\">Choisissez le montant du don mensuel<\/td><\/tr><tr><td><select name=\"os0\">\n\t<option value=\"2$\">2$ : $2.00CAD &#8211; monthly<\/option>\n\t<option value=\"5$\">5$ : $5.00CAD &#8211; monthly<\/option>\n\t<option value=\"10$\">10$ : $10.00CAD &#8211; monthly<\/option>\n\t<option value=\"25$\">25$ : $25.00CAD &#8211; monthly<\/option>\n<\/select> <\/td><\/tr>\n<\/table>\n<input type=\"hidden\" name=\"currency_code\" value=\"CAD\">\n<input type=\"image\" src=\"https:\/\/www.paypalobjects.com\/fr_CA\/i\/btn\/btn_subscribeCC_LG.gif\" border=\"0\" name=\"submit\" alt=\"PayPal - la solution de paiement en ligne la plus simple et la plus s\u00e9curis\u00e9e !\">\n<img loading=\"lazy\" decoding=\"async\" alt=\"\" border=\"0\" src=\"https:\/\/www.paypalobjects.com\/en_US\/i\/scr\/pixel.gif\" width=\"1\" height=\"1\">\n<\/form>\n<\/div>\n\n\n<p>La Revue de l&rsquo;innovation est une source ind\u00e9pendante d&rsquo;information pour tous ceux qui s&rsquo;int\u00e9resse \u00e0 l&rsquo;innovation \u00e0 l&rsquo;\u00e9chelle internationale. Malheureusement, nous ne sommes \u00e0 ce stade-ci pas en mesure d&rsquo;\u00e9mettre des re\u00e7us officiels aux fins de l&rsquo;imp\u00f4t sur le revenu.<\/p>\n<p>Nous tenons \u00e0 transmettre nos sinc\u00e8rement remerciements pour le soutien que nous recevons de fa\u00e7on \u00e0 continuer d&rsquo;\u00eatre une revue en libre acc\u00e8s.<\/p>\n<p>Si vous \u00eates un donateur r\u00e9gulier, nous vous disons MERCI. Si vous en \u00eates \u00e0 votre premier don, votre geste est tout aussi appr\u00e9ci\u00e9.<\/p>\n<p>La Revue de l&rsquo;innovation est ouverte \u00e0 tous et toutes les contributions sont volontaires. Si vous ne recevez plus nos annonces sur les nouvelles parutions, veuillez svp communiquer avec <a href=\"mailto:eglor@magma.ca\">eglor@magma.ca<\/a><\/p>\n<p>Merci encore<\/p>\n<p>Eleanor Glor, R\u00e9dactrice-en-chef<br>\n<a href=\"mailto:eglor@magma.ca\">glor@magma.ca <\/a><\/p>","protected":false},"excerpt":{"rendered":"<p>La Revue de l&rsquo;innovation a besoin du soutien de tous ses lecteurs afin de survivre et de continuer \u00e0 offrir ses services dans un contexte \u00e9conomique hostile. Nous vous remercions d&rsquo;avance de votre appui. Veuillez svp cliquer sur le lien &lsquo;Faire un don&rsquo; ci-dessous pour nous faire parvenir vos dons et paiements de frais. Vous&#8230;<\/p>\n","protected":false},"author":2,"featured_media":0,"parent":0,"menu_order":0,"comment_status":"closed","ping_status":"closed","template":"","meta":{"_kad_post_transparent":"","_kad_post_title":"","_kad_post_layout":"","_kad_post_sidebar_id":"","_kad_post_content_style":"","_kad_post_vertical_padding":"","_kad_post_feature":"","_kad_post_feature_position":"","_kad_post_header":false,"_kad_post_footer":false,"_kad_post_classname":"","footnotes":""},"class_list":["post-9566","page","type-page","status-publish","hentry"],"_links":{"self":[{"href":"https:\/\/innovation.cc\/fr\/wp-json\/wp\/v2\/pages\/9566","targetHints":{"allow":["GET"]}}],"collection":[{"href":"https:\/\/innovation.cc\/fr\/wp-json\/wp\/v2\/pages"}],"about":[{"href":"https:\/\/innovation.cc\/fr\/wp-json\/wp\/v2\/types\/page"}],"author":[{"embeddable":true,"href":"https:\/\/innovation.cc\/fr\/wp-json\/wp\/v2\/users\/2"}],"replies":[{"embeddable":true,"href":"https:\/\/innovation.cc\/fr\/wp-json\/wp\/v2\/comments?post=9566"}],"version-history":[{"count":2,"href":"https:\/\/innovation.cc\/fr\/wp-json\/wp\/v2\/pages\/9566\/revisions"}],"predecessor-version":[{"id":9570,"href":"https:\/\/innovation.cc\/fr\/wp-json\/wp\/v2\/pages\/9566\/revisions\/9570"}],"wp:attachment":[{"href":"https:\/\/innovation.cc\/fr\/wp-json\/wp\/v2\/media?parent=9566"}],"curies":[{"name":"wp","href":"https:\/\/api.w.org\/{rel}","templated":true}]}}