{"id":9557,"date":"2023-03-19T21:51:35","date_gmt":"2023-03-20T01:51:35","guid":{"rendered":"https:\/\/innovation.cc\/?page_id=9557"},"modified":"2025-01-10T23:42:37","modified_gmt":"2025-01-11T04:42:37","slug":"appel-a-publications-et-livres","status":"publish","type":"page","link":"https:\/\/innovation.cc\/fr\/pour-les-auteurs\/appel-a-publications-et-livres\/","title":{"rendered":"Appel \u00e0 publications et livres"},"content":{"rendered":"\n<figure class=\"wp-block-table\"><table><tbody><tr><td><strong>Th\u00e8me<\/strong><\/td><td><strong>Contact des \u00c9diteurs pour toutes questions de contenu au sujet des articles &nbsp;<\/strong><\/td><td><strong>Indication de date de limite de soumission<\/strong><\/td><\/tr><tr><td><strong>Vol. 30(1) 2025 \u00c9dition libre<\/strong><\/td><td>Eleanor D. Glor, R\u00e9dactrice en chef\u00a0<br>glor@magma.ca<\/td><td>31 D\u00e9cembre 2024<\/td><\/tr><tr><td><strong>Vol. 30(2) 2025 \u00c9dition libre<\/strong><\/td><td>Eleanor D. Glor, R\u00e9dactrice en chef\u00a0<br>glor@magma.ca<\/td><td>1 Mai 2025<\/td><\/tr><tr><td><strong>Vol. 30(3) 2025 \u00c9dition libre<\/strong><\/td><td>Eleanor D. Glor, R\u00e9dactrice en chef\u00a0<br>glor@magma.ca<\/td><td>1 Septembre 2025<\/td><\/tr><tr><td><strong>Vol. 31(1) 2026 \u00c9dition libre<\/strong><\/td><td>Eleanor D. Glor, R\u00e9dactrice en chef\u00a0<br>glor@magma.ca<\/td><td>31 D\u00e9cembre 2025<\/td><\/tr><tr><td><strong>Vol. 31(2) 2026 \u00c9dition libre<\/strong><\/td><td>Eleanor D. Glor, R\u00e9dactrice en chef\u00a0<br>glor@magma.ca<\/td><td>1 Mai 2026<\/td><\/tr><tr><td><strong>Vol. 31(3) 2026 \u00c9dition libre<\/strong><\/td><td>Eleanor D. Glor, R\u00e9dactrice en chef\u00a0<br>glor@magma.ca<\/td><td>1 Septembre 2026<\/td><\/tr><tr><td><strong>Vol. 32(1) 2027 \u00c9dition libre<\/strong><\/td><td>Eleanor D. Glor, R\u00e9dactrice en chef\u00a0<br>glor@magma.ca<\/td><td>31 D\u00e9cembre 2026<\/td><\/tr><\/tbody><\/table><\/figure>\n\n\n\n<p>La Revue de l&rsquo;innovation accepte des soumissions en tout temps.<\/p>\n\n\n\n<p>Les articles doivent \u00eatre d&rsquo;une longueur comprise entre 12 et 20 pages \u00e0 simple interligne. Tous les manuscrits seront soumis \u00e0 un processus d&rsquo;\u00e9valuation par les pairs en double aveugle.<\/p>\n\n\n\n<p>Pour plus de renseignements, veuillez visiter&nbsp; <a href=\"https:\/\/innovation.cc\/fr\/\">www.innovation.cc\/francais\/index.htm<\/a> en consultant la section des appels \u00e0 contributions.<\/p>\n\n\n\n<p>Pour savoir davantage d&rsquo;information sur les lignes directrices \u00e9ditoriales : <a href=\"https:\/\/innovation.cc\/fr\/\">http:\/\/www.innovation.cc\/francais\/index.htm<\/a><\/p>\n\n\n\n<p>Eleanor Glor, R\u00e9dactrice en chef&nbsp;<\/p>\n\n\n\n<p><a href=\"mailto:eglor@magma.ca\">glor@magma.ca<\/a><\/p>\n\n\n\n<p>Derni\u00e8re mise \u00e0 jour<\/p>\n\n\n\n<p>25 avril 2023<\/p>\n","protected":false},"excerpt":{"rendered":"<p>Th\u00e8me Contact des \u00c9diteurs pour toutes questions de contenu au sujet des articles &nbsp; Indication de date de limite de soumission Vol. 30(1) 2025 \u00c9dition libre Eleanor D. Glor, R\u00e9dactrice en chef\u00a0glor@magma.ca 31 D\u00e9cembre 2024 Vol. 30(2) 2025 \u00c9dition libre Eleanor D. Glor, R\u00e9dactrice en chef\u00a0glor@magma.ca 1 Mai 2025 Vol. 30(3) 2025 \u00c9dition libre Eleanor&#8230;<\/p>\n","protected":false},"author":2,"featured_media":0,"parent":9710,"menu_order":0,"comment_status":"closed","ping_status":"closed","template":"","meta":{"_kad_post_transparent":"","_kad_post_title":"","_kad_post_layout":"","_kad_post_sidebar_id":"","_kad_post_content_style":"","_kad_post_vertical_padding":"","_kad_post_feature":"","_kad_post_feature_position":"","_kad_post_header":false,"_kad_post_footer":false,"_kad_post_classname":"","footnotes":""},"class_list":["post-9557","page","type-page","status-publish","hentry"],"_links":{"self":[{"href":"https:\/\/innovation.cc\/fr\/wp-json\/wp\/v2\/pages\/9557","targetHints":{"allow":["GET"]}}],"collection":[{"href":"https:\/\/innovation.cc\/fr\/wp-json\/wp\/v2\/pages"}],"about":[{"href":"https:\/\/innovation.cc\/fr\/wp-json\/wp\/v2\/types\/page"}],"author":[{"embeddable":true,"href":"https:\/\/innovation.cc\/fr\/wp-json\/wp\/v2\/users\/2"}],"replies":[{"embeddable":true,"href":"https:\/\/innovation.cc\/fr\/wp-json\/wp\/v2\/comments?post=9557"}],"version-history":[{"count":6,"href":"https:\/\/innovation.cc\/fr\/wp-json\/wp\/v2\/pages\/9557\/revisions"}],"predecessor-version":[{"id":15893,"href":"https:\/\/innovation.cc\/fr\/wp-json\/wp\/v2\/pages\/9557\/revisions\/15893"}],"up":[{"embeddable":true,"href":"https:\/\/innovation.cc\/fr\/wp-json\/wp\/v2\/pages\/9710"}],"wp:attachment":[{"href":"https:\/\/innovation.cc\/fr\/wp-json\/wp\/v2\/media?parent=9557"}],"curies":[{"name":"wp","href":"https:\/\/api.w.org\/{rel}","templated":true}]}}