{"id":9531,"date":"2023-03-17T02:07:06","date_gmt":"2023-03-17T06:07:06","guid":{"rendered":"https:\/\/innovation.cc\/?page_id=9531"},"modified":"2023-07-08T23:37:59","modified_gmt":"2023-07-09T03:37:59","slug":"archives","status":"publish","type":"page","link":"https:\/\/innovation.cc\/fr\/archives\/","title":{"rendered":"Archives"},"content":{"rendered":"<p>Les documents dessous ne sont plus mis \u00e0 jour et sont fournis \u00e0 fins historiques.<\/p>\n<ul>\n<li><a href=\"https:\/\/innovation.cc\/fr\/archives\/la-revue-de-linnovation-conference-2002\/\">Conf\u00e9rences sur l&rsquo;innovation: Ottawa 2002<\/a><\/li>\n<li><a href=\"https:\/\/innovation.cc\/fr\/archives\/correspondence\/\">Correspondance<\/a><\/li>\n<li><a href=\"https:\/\/innovation.cc\/fr\/archives\/formation\/\">Formation<\/a><\/li>\n<li><a href=\"https:\/\/innovation.cc\/fr\/archives\/bibliographie\/\">Bibliographie<\/a><\/li>\n<li><a href=\"https:\/\/innovation.cc\/fr\/archives\/prix\/\">Prix<\/a><\/li>\n<li><a href=\"https:\/\/innovation.cc\/fr\/archives\/actualites\/\">Actualit\u00e9s<\/a><\/li>\n<li><a href=\"https:\/\/innovation.cc\/fr\/archives\/le-salon-de-linnovation\/\">Salons de l&rsquo;innovation<\/a><\/li>\n<\/ul>\n","protected":false},"excerpt":{"rendered":"<p>Les documents dessous ne sont plus mis \u00e0 jour et sont fournis \u00e0 fins historiques. Conf\u00e9rences sur l&rsquo;innovation: Ottawa 2002 Correspondance Formation Bibliographie Prix Actualit\u00e9s Salons de l&rsquo;innovation<\/p>\n","protected":false},"author":2,"featured_media":0,"parent":0,"menu_order":0,"comment_status":"closed","ping_status":"closed","template":"","meta":{"_kad_post_transparent":"","_kad_post_title":"","_kad_post_layout":"","_kad_post_sidebar_id":"","_kad_post_content_style":"","_kad_post_vertical_padding":"","_kad_post_feature":"","_kad_post_feature_position":"","_kad_post_header":false,"_kad_post_footer":false,"_kad_post_classname":"","footnotes":""},"class_list":["post-9531","page","type-page","status-publish","hentry"],"_links":{"self":[{"href":"https:\/\/innovation.cc\/fr\/wp-json\/wp\/v2\/pages\/9531","targetHints":{"allow":["GET"]}}],"collection":[{"href":"https:\/\/innovation.cc\/fr\/wp-json\/wp\/v2\/pages"}],"about":[{"href":"https:\/\/innovation.cc\/fr\/wp-json\/wp\/v2\/types\/page"}],"author":[{"embeddable":true,"href":"https:\/\/innovation.cc\/fr\/wp-json\/wp\/v2\/users\/2"}],"replies":[{"embeddable":true,"href":"https:\/\/innovation.cc\/fr\/wp-json\/wp\/v2\/comments?post=9531"}],"version-history":[{"count":22,"href":"https:\/\/innovation.cc\/fr\/wp-json\/wp\/v2\/pages\/9531\/revisions"}],"predecessor-version":[{"id":11212,"href":"https:\/\/innovation.cc\/fr\/wp-json\/wp\/v2\/pages\/9531\/revisions\/11212"}],"wp:attachment":[{"href":"https:\/\/innovation.cc\/fr\/wp-json\/wp\/v2\/media?parent=9531"}],"curies":[{"name":"wp","href":"https:\/\/api.w.org\/{rel}","templated":true}]}}