{"id":9527,"date":"2023-03-16T22:58:27","date_gmt":"2023-03-17T02:58:27","guid":{"rendered":"https:\/\/innovation.cc\/?page_id=9527"},"modified":"2025-12-04T08:31:52","modified_gmt":"2025-12-04T13:31:52","slug":"quoi-de-neuf","status":"publish","type":"page","link":"https:\/\/innovation.cc\/fr\/quoi-de-neuf\/","title":{"rendered":"Quoi de neuf"},"content":{"rendered":"<p>Si vous citez un article ou tout autre mat\u00e9riel publi\u00e9 par <em>La Revue de l&rsquo;innovation<\/em>, veuillez en aviser <a href=\"mailto:eglor@magma.ca\">la r\u00e9dactrice en chef<\/a>.<\/p>\n<p style=\"text-align: center;\">\u25aa\ufe0f<\/p>\n\n\n<h2 class=\"wp-block-heading has-text-align-left\">Volume 30, Issue 2, 2025<br>Open Issue<\/h2>\n\n\n\n<h2 class=\"wp-block-heading\"><strong>Peer-Reviewed Papers:<\/strong><\/h2>\n\n\n\n<ol class=\"wp-block-list\">\n<li><strong><em><a href=\"https:\/\/innovation.cc\/document\/transforming-persistent-failures-into-public-value-policy-design-for-innovation-oriented-to-the-common-good\/\">Transforming Persistent Failures into Public Value: Policy Design for Innovation Oriented to the Common Good<\/a>,<\/em><\/strong> by Martha L. Silva-Flores, ITESO, Jesuit University of Guadalajara; \u00c1lvaro R. Pedroza-Zapata, University of Guadalajara; and Ariel V\u00e1zquez-Elorza, Technological University of the Toluca Valley, all of Mexico.<\/li>\n<\/ol>\n\n\n\n<h2 class=\"wp-block-heading\"><strong>Book Reviews:<\/strong><\/h2>\n\n\n\n<ol start=\"2\" class=\"wp-block-list\">\n<li><strong><em><a href=\"https:\/\/innovation.cc\/document\/interrupting-innovation-centring-the-social\/\">Interrupting Innovation: Centring the Social<\/a><\/em>,<\/strong> edited by Melanie Panitch, Samantha Wehbi and Jessica Pimentel Machado, reviewed by Eleanor D. Glor.<\/li>\n\n\n\n<li><strong><em><a href=\"https:\/\/innovation.cc\/document\/dangerous-memory-coming-of-age-in-the-decade-of-greed\/\">Dangerous Memory: Coming of Age in the Decade of Greed<\/a><\/em><\/strong>, by Charlie Angus, reviewed by Eleanor D. Glor.<\/li>\n\n\n\n<li><strong><em><a href=\"https:\/\/innovation.cc\/document\/21-things-you-may-not-know-about-the-indian-act\/\">21 Things You May Not Know About the Indian Act<\/a><\/em><\/strong>, by Bob Joseph, reviewed by Eleanor D. Glor.<\/li>\n<\/ol>\n\n\n\n<table id=\"dlp_e2e575d05b8a7d7a_1\" class=\"posts-data-table\" width=\"100%\" data-config=\"{&quot;pageLength&quot;:25,&quot;pagingType&quot;:&quot;numbers&quot;,&quot;serverSide&quot;:false,&quot;autoWidth&quot;:true,&quot;clickFilter&quot;:&quot;&quot;,&quot;stickyHeader&quot;:false,&quot;scrollOffset&quot;:15,&quot;resetButton&quot;:false,&quot;numOrder&quot;:false,&quot;lengthMenu&quot;:[[10,25,50,100,-1],[10,25,50,100,&quot;All&quot;]],&quot;columnDefs&quot;:[{&quot;className&quot;:&quot;col-title&quot;,&quot;targets&quot;:0,&quot;type&quot;:&quot;html&quot;},{&quot;className&quot;:&quot;col-doc_author&quot;,&quot;targets&quot;:1,&quot;type&quot;:&quot;html&quot;},{&quot;className&quot;:&quot;col-doc_categories&quot;,&quot;targets&quot;:2,&quot;type&quot;:&quot;html&quot;},{&quot;className&quot;:&quot;col-doc_tags&quot;,&quot;targets&quot;:3,&quot;type&quot;:&quot;html&quot;}],&quot;responsive&quot;:{&quot;details&quot;:{&quot;display&quot;:&quot;child_row&quot;}},&quot;language&quot;:{&quot;info&quot;:&quot;_TOTAL_ documents&quot;,&quot;infoEmpty&quot;:&quot;0 documents&quot;,&quot;emptyTable&quot;:&quot;Aucun documents correspondant.&quot;,&quot;zeroRecords&quot;:&quot;Aucun documents correspondant.&quot;,&quot;totalsSingle&quot;:&quot;document&quot;,&quot;totalsPlural&quot;:&quot;documents&quot;},&quot;dom&quot;:&quot;&lt;\\&quot;posts-table-wrapper kadence\\&quot;&lt;\\&quot;posts-table-above posts-table-controls\\&quot;p&gt;t&lt;\\&quot;posts-table-below posts-table-controls\\&quot;p&gt;&gt;&quot;,&quot;multiDownloadButton&quot;:false,&quot;multiDownloadPosition&quot;:&quot;above&quot;,&quot;multiDownloadText&quot;:&quot;Download Selected Documents&quot;}\" data-filters=\"false\" data-order='[[0, \"asc\"]]'><thead><tr><th class=\"all\" data-name=\"title\" data-orderable=\"true\" data-searchable=\"true\" data-priority=\"1\">Titre<\/th><th data-name=\"doc_author\" data-orderable=\"true\" data-searchable=\"true\" data-priority=\"10\">Auteur<\/th><th data-name=\"doc_categories\" data-orderable=\"true\" data-searchable=\"true\" data-priority=\"6\">Cat\u00e9gories<\/th><th data-name=\"doc_tags\" data-orderable=\"true\" data-searchable=\"true\" data-priority=\"10\">Balises<\/th><\/tr><\/thead><\/table>\n","protected":false},"excerpt":{"rendered":"<p>Si vous citez un article ou tout autre mat\u00e9riel publi\u00e9 par La Revue de l&rsquo;innovation, veuillez en aviser la r\u00e9dactrice en chef. \u25aa\ufe0f Volume 30, Issue 2, 2025Open Issue Peer-Reviewed Papers: Book Reviews:<\/p>\n","protected":false},"author":2,"featured_media":0,"parent":0,"menu_order":0,"comment_status":"closed","ping_status":"closed","template":"","meta":{"_kad_post_transparent":"","_kad_post_title":"","_kad_post_layout":"","_kad_post_sidebar_id":"","_kad_post_content_style":"","_kad_post_vertical_padding":"","_kad_post_feature":"","_kad_post_feature_position":"","_kad_post_header":false,"_kad_post_footer":false,"_kad_post_classname":"","footnotes":""},"class_list":["post-9527","page","type-page","status-publish","hentry"],"_links":{"self":[{"href":"https:\/\/innovation.cc\/fr\/wp-json\/wp\/v2\/pages\/9527","targetHints":{"allow":["GET"]}}],"collection":[{"href":"https:\/\/innovation.cc\/fr\/wp-json\/wp\/v2\/pages"}],"about":[{"href":"https:\/\/innovation.cc\/fr\/wp-json\/wp\/v2\/types\/page"}],"author":[{"embeddable":true,"href":"https:\/\/innovation.cc\/fr\/wp-json\/wp\/v2\/users\/2"}],"replies":[{"embeddable":true,"href":"https:\/\/innovation.cc\/fr\/wp-json\/wp\/v2\/comments?post=9527"}],"version-history":[{"count":21,"href":"https:\/\/innovation.cc\/fr\/wp-json\/wp\/v2\/pages\/9527\/revisions"}],"predecessor-version":[{"id":16062,"href":"https:\/\/innovation.cc\/fr\/wp-json\/wp\/v2\/pages\/9527\/revisions\/16062"}],"wp:attachment":[{"href":"https:\/\/innovation.cc\/fr\/wp-json\/wp\/v2\/media?parent=9527"}],"curies":[{"name":"wp","href":"https:\/\/api.w.org\/{rel}","templated":true}]}}