{"id":10192,"date":"2023-03-17T02:07:00","date_gmt":"2023-03-17T06:07:00","guid":{"rendered":"https:\/\/innovation.cc\/?page_id=10192"},"modified":"2023-07-03T17:17:22","modified_gmt":"2023-07-03T21:17:22","slug":"correspondence","status":"publish","type":"page","link":"https:\/\/innovation.cc\/fr\/archives\/correspondence\/","title":{"rendered":"Correspondence"},"content":{"rendered":"<p><span style=\"text-align:center\">Correspondance<\/span><!-- InstanceEndEditable --><\/p>\n<div id=\"content\"> <!-- InstanceBeginEditable name=\"TIJContent\" --><\/p>\n<h2>La<a name=\"qualite\" id=\"qualite\"> qualit\u00e9<\/a> de l&rsquo;innovation<\/h2>\n<p>Bonjour,<\/p>\n<p>actuellement \u00e9tudiante en DESS qualit\u00e9 je recherche des r\u00e9f\u00e9rences de livres ou des<br \/>\narticles sur la qualit\u00e9 de l&rsquo;innovation pour mon sujet de stage.<br \/>\nMerci d&rsquo;avance de votre aide<\/p>\n<p>Adresser vos r\u00e9ponses \u00e0 c.myriam@wanadoo.fr<\/p>\n<hr>\n<h2><a name=\"Resolutions\" id=\"Resolutions\">R\u00e9solutions <\/a>de probl\u00e8mes<\/h2>\n<p>Je voudrais savoir si vous avez fait \u00e9tudes des r\u00e9solutions de<br \/>\nprobl\u00e8mes techniques \u00e0 travers de m\u00e9thodes innovants comme TRIZ et CBR (Case-based<br \/>\nReasoner). Si oui, est-ce que vous pouvez me dire o\u00f9 pourrai-je les trouver?<\/p>\n<p>Merci<\/p>\n<p style=\"text-align:right\">Edgardo Cordova Lopez<\/p>\n<p><strong>R\u00e9ponce:<\/strong><br \/>\nPas personnellement, mais je peux publier votre question.<\/p>\n<p style=\"text-align:right\">Eleanor Glor, redacteur, La revue de l&rsquo;innovation<\/p>\n<hr>\n<h2>La <a name=\"conduite\">conduite<\/a> du changement<\/h2>\n<p>Madame, Monsieur,<\/p>\n<p>Mes \u00e9tudes en DEA \u00ab\u00a0Strat\u00e9gie et management\u00a0\u00bb \u00e0 Paris X impliquent de<br \/>\nr\u00e9aliser un m\u00e9moire de recherches. j&rsquo;ai choisi le th\u00e8me du changement.<\/p>\n<p>A en juger la qualit\u00e9 de vos papiers (je pense notamment \u00e0 celui aff\u00e9rant aux<br \/>\nth\u00e9ories sur le chaos), vos conseils, recommandations et indications pourraient m&rsquo;\u00eatre<br \/>\nd&rsquo;une grande richesse.<\/p>\n<p>Je vous remercie bien sinc\u00e8rement.<\/p>\n<p style=\"text-align:right\">Lo\u00efc RAYNAL<br \/>\n01.47.47.02.42.<br \/>\nlraynal@club-internet.fr<\/p>\n<hr>\n<h2>Response to Tom <a name=\"Clarke\">Clarke<\/a> &#8211; re articles in french<br \/>\ndealing with of technology transfer<\/h2>\n<p>(1) In 1991, Jean Marc LeDuc (jean-marc.leduc@mesr.fr) convened the Grande Colloque de<br \/>\nPerspective in Lyon, France &#8211; the finale of an 18-month economic development project<br \/>\nessentially focused on technology transfer. Although it may seem dated, the proceedings<br \/>\nwere produced in french and were quite progressive, including my article \u00ab\u00a0Creating a<br \/>\nGlobal Management System.\u00a0\u00bb If you have interest, I would be happy to share. Jean Marc<br \/>\nand his colleague Bernard Reverdy (reverdy@mail.alpes-net.fr)<br \/>\nare my lead contacts in the field and I am sure they have many new articles of interest,<br \/>\nincluding new journals on the topic.<\/p>\n<p>(2) The new monograph just released by the Society of Management Accountants of Canada<br \/>\n&#8211; COLLABORATIVE INNOVATION and the KNOWLEDGE ECONOMY has been produced in both English<br \/>\n(1-894-091-40-X) and French (ISBN: 1-890-491-42-6) and is available through e-mail (orderdesk@cma-canada.org). Although it does not<br \/>\ntarget technology transfer specifically, it does address the inherent concepts &#8211;<br \/>\nproductivity paradox, economics of intangible value, innovation value system, community of<br \/>\ninnovation practice, etc.<\/p>\n<p>(3) \u00ab\u00a0The Momentum of Knowledge Management\u00a0\u00bb intended to evolve the concepts of<br \/>\ntechnology transfer to knowledge strategy is available in French on my website (<br \/>\nhttp:\/\/www.entovation.com )<\/p>\n<p>There is a week of activities planned in France 9\/28-10\/4. We may have more resources<br \/>\nto suggest thereafter.<\/p>\n<p style=\"text-align:right\">Debra<\/p>\n<p>************************************************<\/p>\n<p>Articles in French on the subject of technology transfer can be found on the Federal<br \/>\nPartners in Technology Transfer (FPTT) website at http:\/\/scitech.gc.ca\/fptt &lt; http:\/\/scitech.gc.ca\/fptt &gt; &#8211; click on to the<br \/>\nfrench site. There are several documents available in both languages, e.g. proceedings of<br \/>\nworkshops, annual report, Guiding Principles on the Management of Intellectual Property<br \/>\nIssues, etc.<\/p>\n<p style=\"text-align:right\">Jocelyne Caloz Director, Executive Office<br \/>\nFederal Partners in Technology Transfer<\/p>\n<p>***********************************<\/p>\n<p>You&rsquo;d do well to contact the MoT group at Ecole Polytechnique de Montreal. Louis A. and<br \/>\nElisabeth Lefebvre and their team have done some outstanding recent work in this area and,<br \/>\nmoreover, are, IMHO, among the most knowledgeable Francophone academics in the world when<br \/>\nit comes to TT, especially transfer to SMEs.<\/p>\n<p>Another group that can point you in the right direction is the faculty at Groupe<br \/>\nESC-Grenoble (France); contact there would be Dominique Jolly (professor and director of<br \/>\nresearch, editor of their working paper series) or Francois Therin (same address).<br \/>\nAddresses:<\/p>\n<p style=\"text-align:right\">Louis-Andre Lefebvre<br \/>\nCIRANO &amp; Ecole Polytechnique de Montreal<br \/>\n2020, University st., 25th Floor<br \/>\nMontreal, Quebec, CANADA H3A 2A5<br \/>\nVoice:<strong> (514) 985-4008<\/strong> (CIRANO) Voice: <strong>(514) 340-5862 <\/strong>(Polytechnique)<br \/>\nFax <strong>(514) 985-4039 <\/strong>e-mail: lefebvrl@cirano.umontreal.ca<\/p>\n<p style=\"text-align:right\">Dominique Jolly<br \/>\nGroupe ESC-Grenoble<br \/>\n12, rue Pierre Semard<br \/>\n38003 Grenoble<br \/>\n+33 (0)4 76 70 61 27<br \/>\nemail: dominique.JOLLY@esc-grenoble.fr<br \/>\nor francois.therin@esc-grenoble.fr<\/p>\n<p style=\"text-align:right\">from Robert M. Mason &lt;rmmason@ibm.net&gt;<\/p>\n<\/div>\n","protected":false},"excerpt":{"rendered":"<p>Correspondance La qualit\u00e9 de l&rsquo;innovation Bonjour, actuellement \u00e9tudiante en DESS qualit\u00e9 je recherche des r\u00e9f\u00e9rences de livres ou des articles sur la qualit\u00e9 de l&rsquo;innovation pour mon sujet de stage. Merci d&rsquo;avance de votre aide Adresser vos r\u00e9ponses \u00e0 c.myriam@wanadoo.fr R\u00e9solutions de probl\u00e8mes Je voudrais savoir si vous avez fait \u00e9tudes des r\u00e9solutions de probl\u00e8mes&#8230;<\/p>\n","protected":false},"author":2,"featured_media":0,"parent":9531,"menu_order":0,"comment_status":"closed","ping_status":"closed","template":"","meta":{"_kad_post_transparent":"","_kad_post_title":"","_kad_post_layout":"","_kad_post_sidebar_id":"","_kad_post_content_style":"","_kad_post_vertical_padding":"","_kad_post_feature":"","_kad_post_feature_position":"","_kad_post_header":false,"_kad_post_footer":false,"_kad_post_classname":"","footnotes":""},"class_list":["post-10192","page","type-page","status-publish","hentry"],"_links":{"self":[{"href":"https:\/\/innovation.cc\/fr\/wp-json\/wp\/v2\/pages\/10192","targetHints":{"allow":["GET"]}}],"collection":[{"href":"https:\/\/innovation.cc\/fr\/wp-json\/wp\/v2\/pages"}],"about":[{"href":"https:\/\/innovation.cc\/fr\/wp-json\/wp\/v2\/types\/page"}],"author":[{"embeddable":true,"href":"https:\/\/innovation.cc\/fr\/wp-json\/wp\/v2\/users\/2"}],"replies":[{"embeddable":true,"href":"https:\/\/innovation.cc\/fr\/wp-json\/wp\/v2\/comments?post=10192"}],"version-history":[{"count":11,"href":"https:\/\/innovation.cc\/fr\/wp-json\/wp\/v2\/pages\/10192\/revisions"}],"predecessor-version":[{"id":11519,"href":"https:\/\/innovation.cc\/fr\/wp-json\/wp\/v2\/pages\/10192\/revisions\/11519"}],"up":[{"embeddable":true,"href":"https:\/\/innovation.cc\/fr\/wp-json\/wp\/v2\/pages\/9531"}],"wp:attachment":[{"href":"https:\/\/innovation.cc\/fr\/wp-json\/wp\/v2\/media?parent=10192"}],"curies":[{"name":"wp","href":"https:\/\/api.w.org\/{rel}","templated":true}]}}