{"id":10154,"date":"2023-03-17T02:07:06","date_gmt":"2023-03-17T06:07:06","guid":{"rendered":"https:\/\/innovation.cc\/?page_id=10154"},"modified":"2023-06-29T22:35:28","modified_gmt":"2023-06-30T02:35:28","slug":"formation","status":"publish","type":"page","link":"https:\/\/innovation.cc\/fr\/archives\/formation\/","title":{"rendered":"Formation"},"content":{"rendered":"<h2><b>L&rsquo;innovateur-jardinier<\/b><\/h2>\n<h3><b>Cultiver l&rsquo;innovation dans votre organisation!<\/b><\/h3>\n<p><b>Un atelier d&rsquo;une journ\u00e9e pour les gestionnaires et innovateurs de la Fonction publique<\/b><\/p>\n<p>Cet atelier fournira un cadre de r\u00e9f\u00e9rence innovateur et d&rsquo;application tr\u00e8s large permettant de comprendre l&rsquo;innovation dans le milieu de travail. Vous vous pencherez sur des d\u00e9fis auxquels vous faites face actuellement dans vos propres organisations, ce qui vous donnera l&rsquo;occasion d&rsquo;acqu\u00e9rir des habilet\u00e9s et outils efficaces pour soutenir l&rsquo;innovation ou en susciter l&rsquo;\u00e9mergence.<\/p>\n<p>Venez participer activement, avoir du plaisir et apprendre \u00e0 utiliser des moyens particuli\u00e8rement efficaces de r\u00e9ussir les initiatives que vous entreprenez. Vous vous joindrez \u00e0 des coll\u00e8gues provenant de trois minist\u00e8res, qui sont pr\u00eats \u00e0 se lancer dans l&rsquo;utilisation des outils pr\u00e9sent\u00e9s dans cette session, pour identifier les obstacles \u00e0 l&rsquo;innovation et optimiser les leviers menant au succ\u00e8s. Eleanor Glor facilitera cette session. Eleanor est \u00c9diteur en chef du <i>Innovation Journal<\/i>.<\/p>\n<p>Vous connaissez un coll\u00e8gue ou un ami qui pourrait \u00eatre int\u00e9ress\u00e9? Vous pouvez leur communiquer cette information.<\/p>\n<p><b>Vous pourriez vous joindre \u00e0 Eleanor Glor \u00e0 <a href=\"mailto:eglor@magma.ca\">eglor@magma.ca<\/a>. <\/b><\/p>\n<p>&nbsp;<\/p>\n","protected":false},"excerpt":{"rendered":"<p>L&rsquo;innovateur-jardinier Cultiver l&rsquo;innovation dans votre organisation! Un atelier d&rsquo;une journ\u00e9e pour les gestionnaires et innovateurs de la Fonction publique Cet atelier fournira un cadre de r\u00e9f\u00e9rence innovateur et d&rsquo;application tr\u00e8s large permettant de comprendre l&rsquo;innovation dans le milieu de travail. Vous vous pencherez sur des d\u00e9fis auxquels vous faites face actuellement dans vos propres organisations,&#8230;<\/p>\n","protected":false},"author":2,"featured_media":0,"parent":9531,"menu_order":0,"comment_status":"closed","ping_status":"closed","template":"","meta":{"_kad_post_transparent":"","_kad_post_title":"","_kad_post_layout":"","_kad_post_sidebar_id":"","_kad_post_content_style":"","_kad_post_vertical_padding":"","_kad_post_feature":"","_kad_post_feature_position":"","_kad_post_header":false,"_kad_post_footer":false,"_kad_post_classname":"","footnotes":""},"class_list":["post-10154","page","type-page","status-publish","hentry"],"_links":{"self":[{"href":"https:\/\/innovation.cc\/fr\/wp-json\/wp\/v2\/pages\/10154","targetHints":{"allow":["GET"]}}],"collection":[{"href":"https:\/\/innovation.cc\/fr\/wp-json\/wp\/v2\/pages"}],"about":[{"href":"https:\/\/innovation.cc\/fr\/wp-json\/wp\/v2\/types\/page"}],"author":[{"embeddable":true,"href":"https:\/\/innovation.cc\/fr\/wp-json\/wp\/v2\/users\/2"}],"replies":[{"embeddable":true,"href":"https:\/\/innovation.cc\/fr\/wp-json\/wp\/v2\/comments?post=10154"}],"version-history":[{"count":1,"href":"https:\/\/innovation.cc\/fr\/wp-json\/wp\/v2\/pages\/10154\/revisions"}],"predecessor-version":[{"id":10155,"href":"https:\/\/innovation.cc\/fr\/wp-json\/wp\/v2\/pages\/10154\/revisions\/10155"}],"up":[{"embeddable":true,"href":"https:\/\/innovation.cc\/fr\/wp-json\/wp\/v2\/pages\/9531"}],"wp:attachment":[{"href":"https:\/\/innovation.cc\/fr\/wp-json\/wp\/v2\/media?parent=10154"}],"curies":[{"name":"wp","href":"https:\/\/api.w.org\/{rel}","templated":true}]}}