{"id":10137,"date":"2023-03-17T02:06:45","date_gmt":"2023-03-17T06:06:45","guid":{"rendered":"https:\/\/innovation.cc\/?page_id=10137"},"modified":"2023-07-11T13:43:00","modified_gmt":"2023-07-11T17:43:00","slug":"prix","status":"publish","type":"page","link":"https:\/\/innovation.cc\/fr\/archives\/prix\/","title":{"rendered":"Prix"},"content":{"rendered":"\n<p><strong>Prix IAPC pour gestion innovatrice:<\/strong><br>Des repr\u00e9sentants du gouvernement de l\u2019Alberta, du gouvernement de la Saskatchewan, et du gouvernement de l\u2019Ontario se sont vu remettre des troph\u00e9es au Congr\u00e8s annuel de l\u2019<a href=\"http:\/\/www.ipaciapc.ca\/\">Institut d\u2019administration publique du Canada (IAPC)<\/a>.<\/p>\n\n\n\n<p><strong>Prix de leadership pour l&rsquo;innovation dans la prestation de service, 1999:<\/strong><br>Centres de ressources humaines de Lakeland et de Quinte, D\u00e9veloppement des ressources humaines Canada<\/p>\n\n\n\n<p><strong>La M\u00e9daille d\u2019or pour la gestion innovatrice de l\u2019Institut d\u2019administration publique du Canada (IAPC), 1999:<\/strong><br>-Le R\u00e9seau du service ax\u00e9 sur les citoyens, organisme soutenu par le CCG, re\u00e7oit un prix prestigieux de l\u2019IAPC<br>&#8211; Publications:<\/p>\n\n\n\n<ul class=\"wp-block-list\">\n<li>R\u00e9seau du service ax\u00e9 sur les citoyens: r\u00e9pondre au besoin des Canadiens<br><\/li>\n\n\n\n<li>Sondages aupr\u00e8s des clients et des citoyens: dissiper les mythes et red\u00e9finir les orientations<br><\/li>\n\n\n\n<li>Les guichets uniques: innovation et bonnes pratiques<br><\/li>\n\n\n\n<li>Pratique sondage sur la satisfaction des clients: Outil de mesures communes<br><\/li>\n\n\n\n<li>Sondages sur la satisfaction des clients: Guide du gestionnaire<\/li>\n<\/ul>\n\n\n\n<p>http:\/\/www.ccmd-ccg.gc.ca\/publications_f.html<\/p>\n","protected":false},"excerpt":{"rendered":"<p>Prix IAPC pour gestion innovatrice:Des repr\u00e9sentants du gouvernement de l\u2019Alberta, du gouvernement de la Saskatchewan, et du gouvernement de l\u2019Ontario se sont vu remettre des troph\u00e9es au Congr\u00e8s annuel de l\u2019Institut d\u2019administration publique du Canada (IAPC). Prix de leadership pour l&rsquo;innovation dans la prestation de service, 1999:Centres de ressources humaines de Lakeland et de Quinte,&#8230;<\/p>\n","protected":false},"author":2,"featured_media":0,"parent":9531,"menu_order":0,"comment_status":"closed","ping_status":"closed","template":"","meta":{"_kad_post_transparent":"","_kad_post_title":"","_kad_post_layout":"","_kad_post_sidebar_id":"","_kad_post_content_style":"","_kad_post_vertical_padding":"","_kad_post_feature":"","_kad_post_feature_position":"","_kad_post_header":false,"_kad_post_footer":false,"_kad_post_classname":"","footnotes":""},"class_list":["post-10137","page","type-page","status-publish","hentry"],"_links":{"self":[{"href":"https:\/\/innovation.cc\/fr\/wp-json\/wp\/v2\/pages\/10137","targetHints":{"allow":["GET"]}}],"collection":[{"href":"https:\/\/innovation.cc\/fr\/wp-json\/wp\/v2\/pages"}],"about":[{"href":"https:\/\/innovation.cc\/fr\/wp-json\/wp\/v2\/types\/page"}],"author":[{"embeddable":true,"href":"https:\/\/innovation.cc\/fr\/wp-json\/wp\/v2\/users\/2"}],"replies":[{"embeddable":true,"href":"https:\/\/innovation.cc\/fr\/wp-json\/wp\/v2\/comments?post=10137"}],"version-history":[{"count":7,"href":"https:\/\/innovation.cc\/fr\/wp-json\/wp\/v2\/pages\/10137\/revisions"}],"predecessor-version":[{"id":13535,"href":"https:\/\/innovation.cc\/fr\/wp-json\/wp\/v2\/pages\/10137\/revisions\/13535"}],"up":[{"embeddable":true,"href":"https:\/\/innovation.cc\/fr\/wp-json\/wp\/v2\/pages\/9531"}],"wp:attachment":[{"href":"https:\/\/innovation.cc\/fr\/wp-json\/wp\/v2\/media?parent=10137"}],"curies":[{"name":"wp","href":"https:\/\/api.w.org\/{rel}","templated":true}]}}